{"id":98,"date":"2019-04-28T12:11:05","date_gmt":"2019-04-28T15:11:05","guid":{"rendered":"http:\/\/127.0.0.1\/?page_id=98"},"modified":"2019-04-29T11:47:03","modified_gmt":"2019-04-29T14:47:03","slug":"legislacao","status":"publish","type":"page","link":"https:\/\/www.aocbmma.com.br\/index.php\/institucional\/legislacao\/","title":{"rendered":"Legisla\u00e7\u00e3o"},"content":{"rendered":"<h5><strong>FEDERAL<\/strong><\/h5>\n<p><\/p>\n<table class=\"table\">\n<tbody>\n<tr>\n<td class=\"align-middle\"><span>Constitui\u00e7\u00e3o Federal<\/span><\/td>\n<td class=\"text-center\"><a href=\"\/wp-content\/uploads\/2019\/04\/cf.pdf\" target=\"__blank\" rel=\"noopener noreferrer\"><button class=\"btn btn-secondary btn-sm\"><i class=\"fas fa-download\"><\/i><\/button><\/a><\/td>\n<\/tr>\n<tr>\n<td class=\"align-middle\"><span>C\u00f3digo Penal Militar<\/span><\/td>\n<td class=\"text-center\"><a href=\"\/wp-content\/uploads\/2019\/04\/CPM.pdf\" target=\"__blank\" rel=\"noopener noreferrer\"><button class=\"btn btn-secondary btn-sm\"><i class=\"fas fa-download\"><\/i><\/button><\/a><\/td>\n<\/tr>\n<tr>\n<td class=\"align-middle\"><span>C\u00f3digo de Processo Penal Militar<\/span><\/td>\n<td class=\"text-center\"><a href=\"\/wp-content\/uploads\/2019\/04\/CPPM.pdf\" target=\"__blank\" rel=\"noopener noreferrer\"><button class=\"btn btn-secondary btn-sm\"><i class=\"fas fa-download\"><\/i><\/button><\/a><\/td>\n<\/tr>\n<tr>\n<td class=\"align-middle\"><span>C\u00f3digo Civil<\/span><\/td>\n<td class=\"text-center\"><a href=\"\/wp-content\/uploads\/2019\/04\/codigo_civil_5ed.pdf\" target=\"__blank\" rel=\"noopener noreferrer\"><button class=\"btn btn-secondary btn-sm\"><i class=\"fas fa-download\"><\/i><\/button><\/a><\/td>\n<\/tr>\n<tr>\n<td class=\"align-middle\"><span>Lei n\u00ba 11.901\/2009 &#8211; Profiss\u00e3o de Bombeiro Civil<\/span><\/td>\n<td class=\"text-center\"><a href=\"\/wp-content\/uploads\/2019\/04\/L11901.pdf\" target=\"__blank\" rel=\"noopener noreferrer\"><button class=\"btn btn-secondary btn-sm\"><i class=\"fas fa-download\"><\/i><\/button><\/a><\/td>\n<\/tr>\n<\/tbody>\n<\/table>\n<p>&nbsp;<\/p>\n<h5><strong>ESTADUAL<\/strong><\/h5>\n<table class=\"table\">\n<tbody>\n<tr>\n<td class=\"align-middle\"><span>Constitui\u00e7\u00e3o Estadual<\/span><\/td>\n<td class=\"text-center\"><a href=\"\/wp-content\/uploads\/2019\/04\/Constituicao-Estadual.pdf\" target=\"__blank\" rel=\"noopener noreferrer\"><button class=\"btn btn-secondary btn-sm\"><i class=\"fas fa-download\"><\/i><\/button><\/a><\/td>\n<\/tr>\n<tr>\n<td class=\"align-middle\"><span>Lei n\u00ba 10.217\/2015 &#8211; Acesso a informa\u00e7\u00e3o<\/span><\/td>\n<td class=\"text-center\"><a href=\"\/wp-content\/uploads\/2019\/04\/LEI_10217-LEI-DE-ACESSO-A-INFORMA\u00c7\u00c3O.pdf\" target=\"__blank\" rel=\"noopener noreferrer\"><button class=\"btn btn-secondary btn-sm\"><i class=\"fas fa-download\"><\/i><\/button><\/a><\/td>\n<\/tr>\n<tr>\n<td class=\"align-middle\"><span>Lei n\u00ba 10.230\/2015 &#8211; Organiza\u00e7\u00e3o B\u00e1sica do CBMMA<\/span><\/td>\n<td class=\"text-center\"><a href=\"\/wp-content\/uploads\/2019\/04\/LEI_10230-LOB-CBMMA.pdf\" target=\"__blank\" rel=\"noopener noreferrer\"><button class=\"btn btn-secondary btn-sm\"><i class=\"fas fa-download\"><\/i><\/button><\/a><\/td>\n<\/tr>\n<tr>\n<td class=\"align-middle\"><span>Lei n\u00ba 10.233\/2015 &#8211; Escalonamento vercial<\/span><\/td>\n<td class=\"text-center\"><a href=\"\/wp-content\/uploads\/2019\/04\/LEI_10233-ESCALONAMENTO-VERTICAL.pdf\" target=\"__blank\" rel=\"noopener noreferrer\"><button class=\"btn btn-secondary btn-sm\"><i class=\"fas fa-download\"><\/i><\/button><\/a><\/td>\n<\/tr>\n<tr>\n<td class=\"align-middle\"><span>Lei n\u00ba 10.281\/2015 &#8211; Altera o efetivo do CBMMA<\/span><\/td>\n<td class=\"text-center\"><a href=\"\/wp-content\/uploads\/2019\/04\/LEI_10281-ALTERA-EFETIVO-DO-CBMMA.pdf\" target=\"__blank\" rel=\"noopener noreferrer\"><button class=\"btn btn-secondary btn-sm\"><i class=\"fas fa-download\"><\/i><\/button><\/a><\/td>\n<\/tr>\n<tr>\n<td class=\"align-middle\"><span>Lei n\u00ba 10.351\/2015 &#8211; Altera o efetivo do CBMMA<\/span><\/td>\n<td class=\"text-center\"><a href=\"\/wp-content\/uploads\/2019\/04\/LEI_10351-ALTERA-EFETIVO-DO-CBMMA.pdf\" target=\"__blank\" rel=\"noopener noreferrer\"><button class=\"btn btn-secondary btn-sm\"><i class=\"fas fa-download\"><\/i><\/button><\/a><\/td>\n<\/tr>\n<tr>\n<td class=\"align-middle\"><span>Lei n\u00ba 10.503\/2016 &#8211; Altera o efetivo do CBMMA<\/span><\/td>\n<td class=\"text-center\"><a href=\"\/wp-content\/uploads\/2019\/04\/LEI_10503-ALTERA-EFETIVO-DO-CBMMA.pdf\" target=\"__blank\" rel=\"noopener noreferrer\"><button class=\"btn btn-secondary btn-sm\"><i class=\"fas fa-download\"><\/i><\/button><\/a><\/td>\n<\/tr>\n<tr>\n<td class=\"align-middle\"><span>Lei n\u00ba 10.559\/2017 &#8211; Atos e Processos Administrativos<\/span><\/td>\n<td class=\"text-center\"><a href=\"\/wp-content\/uploads\/2019\/04\/LEI_10559-LEI-DE-PROCESSO-ADM-NO-MA.pdf\" target=\"__blank\" rel=\"noopener noreferrer\"><button class=\"btn btn-secondary btn-sm\"><i class=\"fas fa-download\"><\/i><\/button><\/a><\/td>\n<\/tr>\n<tr>\n<td class=\"align-middle\"><span>Lei n\u00ba 10.670\/2017 &#8211; Altera o Quadro de Oficiais<\/span><\/td>\n<td class=\"text-center\"><a href=\"\/wp-content\/uploads\/2019\/04\/LEI_10670-ALTERA-EFETIVO-DO-CBMMA.pdf\" target=\"__blank\" rel=\"noopener noreferrer\"><button class=\"btn btn-secondary btn-sm\"><i class=\"fas fa-download\"><\/i><\/button><\/a><\/td>\n<\/tr>\n<tr>\n<td class=\"align-middle\"><span>Lei n\u00ba 10.811\/2018 &#8211; Altera o efetivo do CBMMA<\/span><\/td>\n<td class=\"text-center\"><a href=\"\/wp-content\/uploads\/2019\/04\/LEI_10811-ALTERA-EFETIVO-DO-CBMMA.pdf\" target=\"__blank\" rel=\"noopener noreferrer\"><button class=\"btn btn-secondary btn-sm\"><i class=\"fas fa-download\"><\/i><\/button><\/a><\/td>\n<\/tr>\n<tr>\n<td class=\"align-middle\"><span>Lei n\u00ba 10.939\/2018 &#8211; Cria\u00e7\u00e3o e transforma\u00e7\u00e3o de unidades do CBMMA<\/span><\/td>\n<td class=\"text-center\"><a href=\"\/wp-content\/uploads\/2019\/04\/LEI_10939-TRANSFORMA\u00c7\u00c3O-DE-UNIDADES-CBM.pdf\" target=\"__blank\" rel=\"noopener noreferrer\"><button class=\"btn btn-secondary btn-sm\"><i class=\"fas fa-download\"><\/i><\/button><\/a><\/td>\n<\/tr>\n<\/tbody>\n<\/table>\n","protected":false},"excerpt":{"rendered":"<p>FEDERAL Constitui\u00e7\u00e3o Federal C\u00f3digo Penal Militar C\u00f3digo de Processo Penal Militar C\u00f3digo Civil Lei n\u00ba 11.901\/2009 &#8211; Profiss\u00e3o de Bombeiro Civil &nbsp; ESTADUAL Constitui\u00e7\u00e3o Estadual Lei n\u00ba 10.217\/2015 &#8211; Acesso a informa\u00e7\u00e3o Lei n\u00ba 10.230\/2015 &#8211; Organiza\u00e7\u00e3o B\u00e1sica do CBMMA Lei n\u00ba 10.233\/2015 &#8211; Escalonamento vercial Lei n\u00ba 10.281\/2015 &#8211; Altera o efetivo do CBMMA [&hellip;]<\/p>\n","protected":false},"author":1,"featured_media":0,"parent":66,"menu_order":5,"comment_status":"closed","ping_status":"closed","template":"","meta":{"om_disable_all_campaigns":false,"_monsterinsights_skip_tracking":false,"_monsterinsights_sitenote_active":false,"_monsterinsights_sitenote_note":"","_monsterinsights_sitenote_category":0,"footnotes":""},"class_list":["post-98","page","type-page","status-publish","hentry"],"aioseo_notices":[],"yoast_head":"<!-- This site is optimized with the Yoast SEO plugin v27.3 - https:\/\/yoast.com\/product\/yoast-seo-wordpress\/ -->\n<title>Legisla\u00e7\u00e3o | AOCBMMA | Associa\u00e7\u00e3o dos Oficiais do Corpo de Bombeiros Militar do Maranh\u00e3o<\/title>\n<meta name=\"robots\" content=\"index, follow, max-snippet:-1, max-image-preview:large, max-video-preview:-1\" \/>\n<link rel=\"canonical\" href=\"https:\/\/www.aocbmma.com.br\/index.php\/institucional\/legislacao\/\" \/>\n<meta property=\"og:locale\" content=\"pt_BR\" \/>\n<meta property=\"og:type\" content=\"article\" \/>\n<meta property=\"og:title\" content=\"Legisla\u00e7\u00e3o | AOCBMMA | Associa\u00e7\u00e3o dos Oficiais do Corpo de Bombeiros Militar do Maranh\u00e3o\" \/>\n<meta property=\"og:description\" content=\"FEDERAL Constitui\u00e7\u00e3o Federal C\u00f3digo Penal Militar C\u00f3digo de Processo Penal Militar C\u00f3digo Civil Lei n\u00ba 11.901\/2009 &#8211; Profiss\u00e3o de Bombeiro Civil &nbsp; ESTADUAL Constitui\u00e7\u00e3o Estadual Lei n\u00ba 10.217\/2015 &#8211; Acesso a informa\u00e7\u00e3o Lei n\u00ba 10.230\/2015 &#8211; Organiza\u00e7\u00e3o B\u00e1sica do CBMMA Lei n\u00ba 10.233\/2015 &#8211; Escalonamento vercial Lei n\u00ba 10.281\/2015 &#8211; Altera o efetivo do CBMMA [&hellip;]\" \/>\n<meta property=\"og:url\" content=\"https:\/\/www.aocbmma.com.br\/index.php\/institucional\/legislacao\/\" \/>\n<meta property=\"og:site_name\" content=\"AOCBMMA | Associa\u00e7\u00e3o dos Oficiais do Corpo de Bombeiros Militar do Maranh\u00e3o\" \/>\n<meta property=\"article:publisher\" content=\"https:\/\/www.facebook.com\/cobm.ma\" \/>\n<meta property=\"article:modified_time\" content=\"2019-04-29T14:47:03+00:00\" \/>\n<meta name=\"twitter:card\" content=\"summary_large_image\" \/>\n<meta name=\"twitter:label1\" content=\"Est. tempo de leitura\" \/>\n\t<meta name=\"twitter:data1\" content=\"1 minuto\" \/>\n<script type=\"application\/ld+json\" class=\"yoast-schema-graph\">{\"@context\":\"https:\\\/\\\/schema.org\",\"@graph\":[{\"@type\":\"WebPage\",\"@id\":\"https:\\\/\\\/www.aocbmma.com.br\\\/index.php\\\/institucional\\\/legislacao\\\/\",\"url\":\"https:\\\/\\\/www.aocbmma.com.br\\\/index.php\\\/institucional\\\/legislacao\\\/\",\"name\":\"Legisla\u00e7\u00e3o | AOCBMMA | Associa\u00e7\u00e3o dos Oficiais do Corpo de Bombeiros Militar do Maranh\u00e3o\",\"isPartOf\":{\"@id\":\"https:\\\/\\\/www.aocbmma.com.br\\\/#website\"},\"datePublished\":\"2019-04-28T15:11:05+00:00\",\"dateModified\":\"2019-04-29T14:47:03+00:00\",\"breadcrumb\":{\"@id\":\"https:\\\/\\\/www.aocbmma.com.br\\\/index.php\\\/institucional\\\/legislacao\\\/#breadcrumb\"},\"inLanguage\":\"pt-BR\",\"potentialAction\":[{\"@type\":\"ReadAction\",\"target\":[\"https:\\\/\\\/www.aocbmma.com.br\\\/index.php\\\/institucional\\\/legislacao\\\/\"]}]},{\"@type\":\"BreadcrumbList\",\"@id\":\"https:\\\/\\\/www.aocbmma.com.br\\\/index.php\\\/institucional\\\/legislacao\\\/#breadcrumb\",\"itemListElement\":[{\"@type\":\"ListItem\",\"position\":1,\"name\":\"In\u00edcio\",\"item\":\"https:\\\/\\\/www.aocbmma.com.br\\\/\"},{\"@type\":\"ListItem\",\"position\":2,\"name\":\"Institucional\",\"item\":\"https:\\\/\\\/www.aocbmma.com.br\\\/index.php\\\/institucional\\\/\"},{\"@type\":\"ListItem\",\"position\":3,\"name\":\"Legisla\u00e7\u00e3o\"}]},{\"@type\":\"WebSite\",\"@id\":\"https:\\\/\\\/www.aocbmma.com.br\\\/#website\",\"url\":\"https:\\\/\\\/www.aocbmma.com.br\\\/\",\"name\":\"AOCBMMA\",\"description\":\"\",\"publisher\":{\"@id\":\"https:\\\/\\\/www.aocbmma.com.br\\\/#organization\"},\"potentialAction\":[{\"@type\":\"SearchAction\",\"target\":{\"@type\":\"EntryPoint\",\"urlTemplate\":\"https:\\\/\\\/www.aocbmma.com.br\\\/?s={search_term_string}\"},\"query-input\":{\"@type\":\"PropertyValueSpecification\",\"valueRequired\":true,\"valueName\":\"search_term_string\"}}],\"inLanguage\":\"pt-BR\"},{\"@type\":\"Organization\",\"@id\":\"https:\\\/\\\/www.aocbmma.com.br\\\/#organization\",\"name\":\"Associa\u00e7\u00e3o dos Oficiais do Corpo de Bombeiros Militar do Maranh\u00e3o\",\"url\":\"https:\\\/\\\/www.aocbmma.com.br\\\/\",\"logo\":{\"@type\":\"ImageObject\",\"inLanguage\":\"pt-BR\",\"@id\":\"https:\\\/\\\/www.aocbmma.com.br\\\/#\\\/schema\\\/logo\\\/image\\\/\",\"url\":\"https:\\\/\\\/www.aocbmma.com.br\\\/wp-content\\\/uploads\\\/2019\\\/05\\\/brasao-grande.png\",\"contentUrl\":\"https:\\\/\\\/www.aocbmma.com.br\\\/wp-content\\\/uploads\\\/2019\\\/05\\\/brasao-grande.png\",\"width\":1154,\"height\":1155,\"caption\":\"Associa\u00e7\u00e3o dos Oficiais do Corpo de Bombeiros Militar do Maranh\u00e3o\"},\"image\":{\"@id\":\"https:\\\/\\\/www.aocbmma.com.br\\\/#\\\/schema\\\/logo\\\/image\\\/\"},\"sameAs\":[\"https:\\\/\\\/www.facebook.com\\\/cobm.ma\"]}]}<\/script>\n<!-- \/ Yoast SEO plugin. -->","yoast_head_json":{"title":"Legisla\u00e7\u00e3o | AOCBMMA | Associa\u00e7\u00e3o dos Oficiais do Corpo de Bombeiros Militar do Maranh\u00e3o","robots":{"index":"index","follow":"follow","max-snippet":"max-snippet:-1","max-image-preview":"max-image-preview:large","max-video-preview":"max-video-preview:-1"},"canonical":"https:\/\/www.aocbmma.com.br\/index.php\/institucional\/legislacao\/","og_locale":"pt_BR","og_type":"article","og_title":"Legisla\u00e7\u00e3o | AOCBMMA | Associa\u00e7\u00e3o dos Oficiais do Corpo de Bombeiros Militar do Maranh\u00e3o","og_description":"FEDERAL Constitui\u00e7\u00e3o Federal C\u00f3digo Penal Militar C\u00f3digo de Processo Penal Militar C\u00f3digo Civil Lei n\u00ba 11.901\/2009 &#8211; Profiss\u00e3o de Bombeiro Civil &nbsp; ESTADUAL Constitui\u00e7\u00e3o Estadual Lei n\u00ba 10.217\/2015 &#8211; Acesso a informa\u00e7\u00e3o Lei n\u00ba 10.230\/2015 &#8211; Organiza\u00e7\u00e3o B\u00e1sica do CBMMA Lei n\u00ba 10.233\/2015 &#8211; Escalonamento vercial Lei n\u00ba 10.281\/2015 &#8211; Altera o efetivo do CBMMA [&hellip;]","og_url":"https:\/\/www.aocbmma.com.br\/index.php\/institucional\/legislacao\/","og_site_name":"AOCBMMA | Associa\u00e7\u00e3o dos Oficiais do Corpo de Bombeiros Militar do Maranh\u00e3o","article_publisher":"https:\/\/www.facebook.com\/cobm.ma","article_modified_time":"2019-04-29T14:47:03+00:00","twitter_card":"summary_large_image","twitter_misc":{"Est. tempo de leitura":"1 minuto"},"schema":{"@context":"https:\/\/schema.org","@graph":[{"@type":"WebPage","@id":"https:\/\/www.aocbmma.com.br\/index.php\/institucional\/legislacao\/","url":"https:\/\/www.aocbmma.com.br\/index.php\/institucional\/legislacao\/","name":"Legisla\u00e7\u00e3o | AOCBMMA | Associa\u00e7\u00e3o dos Oficiais do Corpo de Bombeiros Militar do Maranh\u00e3o","isPartOf":{"@id":"https:\/\/www.aocbmma.com.br\/#website"},"datePublished":"2019-04-28T15:11:05+00:00","dateModified":"2019-04-29T14:47:03+00:00","breadcrumb":{"@id":"https:\/\/www.aocbmma.com.br\/index.php\/institucional\/legislacao\/#breadcrumb"},"inLanguage":"pt-BR","potentialAction":[{"@type":"ReadAction","target":["https:\/\/www.aocbmma.com.br\/index.php\/institucional\/legislacao\/"]}]},{"@type":"BreadcrumbList","@id":"https:\/\/www.aocbmma.com.br\/index.php\/institucional\/legislacao\/#breadcrumb","itemListElement":[{"@type":"ListItem","position":1,"name":"In\u00edcio","item":"https:\/\/www.aocbmma.com.br\/"},{"@type":"ListItem","position":2,"name":"Institucional","item":"https:\/\/www.aocbmma.com.br\/index.php\/institucional\/"},{"@type":"ListItem","position":3,"name":"Legisla\u00e7\u00e3o"}]},{"@type":"WebSite","@id":"https:\/\/www.aocbmma.com.br\/#website","url":"https:\/\/www.aocbmma.com.br\/","name":"AOCBMMA","description":"","publisher":{"@id":"https:\/\/www.aocbmma.com.br\/#organization"},"potentialAction":[{"@type":"SearchAction","target":{"@type":"EntryPoint","urlTemplate":"https:\/\/www.aocbmma.com.br\/?s={search_term_string}"},"query-input":{"@type":"PropertyValueSpecification","valueRequired":true,"valueName":"search_term_string"}}],"inLanguage":"pt-BR"},{"@type":"Organization","@id":"https:\/\/www.aocbmma.com.br\/#organization","name":"Associa\u00e7\u00e3o dos Oficiais do Corpo de Bombeiros Militar do Maranh\u00e3o","url":"https:\/\/www.aocbmma.com.br\/","logo":{"@type":"ImageObject","inLanguage":"pt-BR","@id":"https:\/\/www.aocbmma.com.br\/#\/schema\/logo\/image\/","url":"https:\/\/www.aocbmma.com.br\/wp-content\/uploads\/2019\/05\/brasao-grande.png","contentUrl":"https:\/\/www.aocbmma.com.br\/wp-content\/uploads\/2019\/05\/brasao-grande.png","width":1154,"height":1155,"caption":"Associa\u00e7\u00e3o dos Oficiais do Corpo de Bombeiros Militar do Maranh\u00e3o"},"image":{"@id":"https:\/\/www.aocbmma.com.br\/#\/schema\/logo\/image\/"},"sameAs":["https:\/\/www.facebook.com\/cobm.ma"]}]}},"_links":{"self":[{"href":"https:\/\/www.aocbmma.com.br\/index.php\/wp-json\/wp\/v2\/pages\/98","targetHints":{"allow":["GET"]}}],"collection":[{"href":"https:\/\/www.aocbmma.com.br\/index.php\/wp-json\/wp\/v2\/pages"}],"about":[{"href":"https:\/\/www.aocbmma.com.br\/index.php\/wp-json\/wp\/v2\/types\/page"}],"author":[{"embeddable":true,"href":"https:\/\/www.aocbmma.com.br\/index.php\/wp-json\/wp\/v2\/users\/1"}],"replies":[{"embeddable":true,"href":"https:\/\/www.aocbmma.com.br\/index.php\/wp-json\/wp\/v2\/comments?post=98"}],"version-history":[{"count":12,"href":"https:\/\/www.aocbmma.com.br\/index.php\/wp-json\/wp\/v2\/pages\/98\/revisions"}],"predecessor-version":[{"id":250,"href":"https:\/\/www.aocbmma.com.br\/index.php\/wp-json\/wp\/v2\/pages\/98\/revisions\/250"}],"up":[{"embeddable":true,"href":"https:\/\/www.aocbmma.com.br\/index.php\/wp-json\/wp\/v2\/pages\/66"}],"wp:attachment":[{"href":"https:\/\/www.aocbmma.com.br\/index.php\/wp-json\/wp\/v2\/media?parent=98"}],"curies":[{"name":"wp","href":"https:\/\/api.w.org\/{rel}","templated":true}]}}