{"id":96,"date":"2019-04-28T12:10:31","date_gmt":"2019-04-28T15:10:31","guid":{"rendered":"http:\/\/127.0.0.1\/?page_id=96"},"modified":"2019-04-29T10:57:13","modified_gmt":"2019-04-29T13:57:13","slug":"manuais","status":"publish","type":"page","link":"https:\/\/www.aocbmma.com.br\/index.php\/institucional\/manuais\/","title":{"rendered":"Manuais"},"content":{"rendered":"<table class=\"table\">\n<tbody>\n<tr>\n<td class=\"align-middle\"><span>Instru\u00e7\u00f5es Gerais para aplica\u00e7\u00e3o do regulamento de contin\u00eancias, honras, sinais de respeito e cerimonial militar das For\u00e7as Armadas<\/span><\/td>\n<td class=\"text-center\"><a href=\"\/wp-content\/uploads\/2019\/04\/completo-EB10-IG-12.001.pdf\" target=\"__blank\" rel=\"noopener noreferrer\"><button class=\"btn btn-secondary btn-sm\"><i class=\"fas fa-download\"><\/i><\/button><\/a><\/td>\n<\/tr>\n<tr>\n<td class=\"align-middle\"><span>Normas para instaura\u00e7\u00e3o de inqu\u00e9rito t\u00e9cnico<\/span><\/td>\n<td class=\"text-center\"><a href=\"\/wp-content\/uploads\/2019\/04\/INQU\u00c9RITO-T\u00c9CNICO-CBMDF.pdf\" target=\"__blank\" rel=\"noopener noreferrer\"><button class=\"btn btn-secondary btn-sm\"><i class=\"fas fa-download\"><\/i><\/button><\/a><\/td>\n<\/tr>\n<tr>\n<td class=\"align-middle\"><span>Manual de atua\u00e7\u00e3o em flagrante delito militar<\/span><\/td>\n<td class=\"text-center\"><a href=\"\/wp-content\/uploads\/2019\/04\/MANUAL-DE-AUTUA\u00c7\u00c3O-EM-FLAGRANTE-DELITO-PMPE.pdf\" target=\"__blank\" rel=\"noopener noreferrer\"><button class=\"btn btn-secondary btn-sm\"><i class=\"fas fa-download\"><\/i><\/button><\/a><\/td>\n<\/tr>\n<tr>\n<td class=\"align-middle\"><span>Manual de Sistema de Comando de Incidentes<\/span><\/td>\n<td class=\"text-center\"><a href=\"\/wp-content\/uploads\/2019\/04\/manual-SCI.pdf\" target=\"__blank\" rel=\"noopener noreferrer\"><button class=\"btn btn-secondary btn-sm\"><i class=\"fas fa-download\"><\/i><\/button><\/a><\/td>\n<\/tr>\n<tr>\n<td class=\"align-middle\"><span>Manual de armamento e manuseio seguro de arma de fogo<\/span><\/td>\n<td class=\"text-center\"><a href=\"\/wp-content\/uploads\/2019\/04\/manuseio_seguro_arma_fogo-mar_2012.pdf\" target=\"__blank\" rel=\"noopener noreferrer\"><button class=\"btn btn-secondary btn-sm\"><i class=\"fas fa-download\"><\/i><\/button><\/a><\/td>\n<\/tr>\n<tr>\n<td class=\"align-middle\"><span>Manual de estrat\u00e9gia e t\u00e1tica de combate a inc\u00eandios<\/span><\/td>\n<td class=\"text-center\"><a href=\"\/wp-content\/uploads\/2019\/04\/MTB-32.pdf\" target=\"__blank\" rel=\"noopener noreferrer\"><button class=\"btn btn-secondary btn-sm\"><i class=\"fas fa-download\"><\/i><\/button><\/a><\/td>\n<\/tr>\n<tr>\n<td class=\"align-middle\"><span>Regulamento disciplinar do ex\u00e9rcito<\/span><\/td>\n<td class=\"text-center\"><a href=\"\/wp-content\/uploads\/2019\/04\/rde.pdf\" target=\"__blank\" rel=\"noopener noreferrer\"><button class=\"btn btn-secondary btn-sm\"><i class=\"fas fa-download\"><\/i><\/button><\/a><\/td>\n<\/tr>\n<tr>\n<td class=\"align-middle\"><span>Regulamento interno e dos servi\u00e7os gerais do Ex\u00e9rcito<\/span><\/td>\n<td class=\"text-center\"><a href=\"\/wp-content\/uploads\/2019\/04\/risg.pdf\" target=\"__blank\" rel=\"noopener noreferrer\"><button class=\"btn btn-secondary btn-sm\"><i class=\"fas fa-download\"><\/i><\/button><\/a><\/td>\n<\/tr>\n<\/tbody>\n<\/table>\n","protected":false},"excerpt":{"rendered":"<p>Instru\u00e7\u00f5es Gerais para aplica\u00e7\u00e3o do regulamento de contin\u00eancias, honras, sinais de respeito e cerimonial militar das For\u00e7as Armadas Normas para instaura\u00e7\u00e3o de inqu\u00e9rito t\u00e9cnico Manual de atua\u00e7\u00e3o em flagrante delito militar Manual de Sistema de Comando de Incidentes Manual de armamento e manuseio seguro de arma de fogo Manual de estrat\u00e9gia e t\u00e1tica de combate [&hellip;]<\/p>\n","protected":false},"author":1,"featured_media":0,"parent":66,"menu_order":4,"comment_status":"closed","ping_status":"closed","template":"","meta":{"om_disable_all_campaigns":false,"_monsterinsights_skip_tracking":false,"_monsterinsights_sitenote_active":false,"_monsterinsights_sitenote_note":"","_monsterinsights_sitenote_category":0,"footnotes":""},"class_list":["post-96","page","type-page","status-publish","hentry"],"aioseo_notices":[],"yoast_head":"<!-- This site is optimized with the Yoast SEO plugin v27.4 - https:\/\/yoast.com\/product\/yoast-seo-wordpress\/ -->\n<title>Manuais | AOCBMMA | Associa\u00e7\u00e3o dos Oficiais do Corpo de Bombeiros Militar do Maranh\u00e3o<\/title>\n<meta name=\"robots\" content=\"index, follow, max-snippet:-1, max-image-preview:large, max-video-preview:-1\" \/>\n<link rel=\"canonical\" href=\"https:\/\/www.aocbmma.com.br\/index.php\/institucional\/manuais\/\" \/>\n<meta property=\"og:locale\" content=\"pt_BR\" \/>\n<meta property=\"og:type\" content=\"article\" \/>\n<meta property=\"og:title\" content=\"Manuais | AOCBMMA | Associa\u00e7\u00e3o dos Oficiais do Corpo de Bombeiros Militar do Maranh\u00e3o\" \/>\n<meta property=\"og:description\" content=\"Instru\u00e7\u00f5es Gerais para aplica\u00e7\u00e3o do regulamento de contin\u00eancias, honras, sinais de respeito e cerimonial militar das For\u00e7as Armadas Normas para instaura\u00e7\u00e3o de inqu\u00e9rito t\u00e9cnico Manual de atua\u00e7\u00e3o em flagrante delito militar Manual de Sistema de Comando de Incidentes Manual de armamento e manuseio seguro de arma de fogo Manual de estrat\u00e9gia e t\u00e1tica de combate [&hellip;]\" \/>\n<meta property=\"og:url\" content=\"https:\/\/www.aocbmma.com.br\/index.php\/institucional\/manuais\/\" \/>\n<meta property=\"og:site_name\" content=\"AOCBMMA | Associa\u00e7\u00e3o dos Oficiais do Corpo de Bombeiros Militar do Maranh\u00e3o\" \/>\n<meta property=\"article:publisher\" content=\"https:\/\/www.facebook.com\/cobm.ma\" \/>\n<meta property=\"article:modified_time\" content=\"2019-04-29T13:57:13+00:00\" \/>\n<meta name=\"twitter:card\" content=\"summary_large_image\" \/>\n<script type=\"application\/ld+json\" class=\"yoast-schema-graph\">{\"@context\":\"https:\\\/\\\/schema.org\",\"@graph\":[{\"@type\":\"WebPage\",\"@id\":\"https:\\\/\\\/www.aocbmma.com.br\\\/index.php\\\/institucional\\\/manuais\\\/\",\"url\":\"https:\\\/\\\/www.aocbmma.com.br\\\/index.php\\\/institucional\\\/manuais\\\/\",\"name\":\"Manuais | AOCBMMA | Associa\u00e7\u00e3o dos Oficiais do Corpo de Bombeiros Militar do Maranh\u00e3o\",\"isPartOf\":{\"@id\":\"https:\\\/\\\/www.aocbmma.com.br\\\/#website\"},\"datePublished\":\"2019-04-28T15:10:31+00:00\",\"dateModified\":\"2019-04-29T13:57:13+00:00\",\"breadcrumb\":{\"@id\":\"https:\\\/\\\/www.aocbmma.com.br\\\/index.php\\\/institucional\\\/manuais\\\/#breadcrumb\"},\"inLanguage\":\"pt-BR\",\"potentialAction\":[{\"@type\":\"ReadAction\",\"target\":[\"https:\\\/\\\/www.aocbmma.com.br\\\/index.php\\\/institucional\\\/manuais\\\/\"]}]},{\"@type\":\"BreadcrumbList\",\"@id\":\"https:\\\/\\\/www.aocbmma.com.br\\\/index.php\\\/institucional\\\/manuais\\\/#breadcrumb\",\"itemListElement\":[{\"@type\":\"ListItem\",\"position\":1,\"name\":\"In\u00edcio\",\"item\":\"https:\\\/\\\/www.aocbmma.com.br\\\/\"},{\"@type\":\"ListItem\",\"position\":2,\"name\":\"Institucional\",\"item\":\"https:\\\/\\\/www.aocbmma.com.br\\\/index.php\\\/institucional\\\/\"},{\"@type\":\"ListItem\",\"position\":3,\"name\":\"Manuais\"}]},{\"@type\":\"WebSite\",\"@id\":\"https:\\\/\\\/www.aocbmma.com.br\\\/#website\",\"url\":\"https:\\\/\\\/www.aocbmma.com.br\\\/\",\"name\":\"AOCBMMA\",\"description\":\"\",\"publisher\":{\"@id\":\"https:\\\/\\\/www.aocbmma.com.br\\\/#organization\"},\"potentialAction\":[{\"@type\":\"SearchAction\",\"target\":{\"@type\":\"EntryPoint\",\"urlTemplate\":\"https:\\\/\\\/www.aocbmma.com.br\\\/?s={search_term_string}\"},\"query-input\":{\"@type\":\"PropertyValueSpecification\",\"valueRequired\":true,\"valueName\":\"search_term_string\"}}],\"inLanguage\":\"pt-BR\"},{\"@type\":\"Organization\",\"@id\":\"https:\\\/\\\/www.aocbmma.com.br\\\/#organization\",\"name\":\"Associa\u00e7\u00e3o dos Oficiais do Corpo de Bombeiros Militar do Maranh\u00e3o\",\"url\":\"https:\\\/\\\/www.aocbmma.com.br\\\/\",\"logo\":{\"@type\":\"ImageObject\",\"inLanguage\":\"pt-BR\",\"@id\":\"https:\\\/\\\/www.aocbmma.com.br\\\/#\\\/schema\\\/logo\\\/image\\\/\",\"url\":\"https:\\\/\\\/www.aocbmma.com.br\\\/wp-content\\\/uploads\\\/2019\\\/05\\\/brasao-grande.png\",\"contentUrl\":\"https:\\\/\\\/www.aocbmma.com.br\\\/wp-content\\\/uploads\\\/2019\\\/05\\\/brasao-grande.png\",\"width\":1154,\"height\":1155,\"caption\":\"Associa\u00e7\u00e3o dos Oficiais do Corpo de Bombeiros Militar do Maranh\u00e3o\"},\"image\":{\"@id\":\"https:\\\/\\\/www.aocbmma.com.br\\\/#\\\/schema\\\/logo\\\/image\\\/\"},\"sameAs\":[\"https:\\\/\\\/www.facebook.com\\\/cobm.ma\"]}]}<\/script>\n<!-- \/ Yoast SEO plugin. -->","yoast_head_json":{"title":"Manuais | AOCBMMA | Associa\u00e7\u00e3o dos Oficiais do Corpo de Bombeiros Militar do Maranh\u00e3o","robots":{"index":"index","follow":"follow","max-snippet":"max-snippet:-1","max-image-preview":"max-image-preview:large","max-video-preview":"max-video-preview:-1"},"canonical":"https:\/\/www.aocbmma.com.br\/index.php\/institucional\/manuais\/","og_locale":"pt_BR","og_type":"article","og_title":"Manuais | AOCBMMA | Associa\u00e7\u00e3o dos Oficiais do Corpo de Bombeiros Militar do Maranh\u00e3o","og_description":"Instru\u00e7\u00f5es Gerais para aplica\u00e7\u00e3o do regulamento de contin\u00eancias, honras, sinais de respeito e cerimonial militar das For\u00e7as Armadas Normas para instaura\u00e7\u00e3o de inqu\u00e9rito t\u00e9cnico Manual de atua\u00e7\u00e3o em flagrante delito militar Manual de Sistema de Comando de Incidentes Manual de armamento e manuseio seguro de arma de fogo Manual de estrat\u00e9gia e t\u00e1tica de combate [&hellip;]","og_url":"https:\/\/www.aocbmma.com.br\/index.php\/institucional\/manuais\/","og_site_name":"AOCBMMA | Associa\u00e7\u00e3o dos Oficiais do Corpo de Bombeiros Militar do Maranh\u00e3o","article_publisher":"https:\/\/www.facebook.com\/cobm.ma","article_modified_time":"2019-04-29T13:57:13+00:00","twitter_card":"summary_large_image","schema":{"@context":"https:\/\/schema.org","@graph":[{"@type":"WebPage","@id":"https:\/\/www.aocbmma.com.br\/index.php\/institucional\/manuais\/","url":"https:\/\/www.aocbmma.com.br\/index.php\/institucional\/manuais\/","name":"Manuais | AOCBMMA | Associa\u00e7\u00e3o dos Oficiais do Corpo de Bombeiros Militar do Maranh\u00e3o","isPartOf":{"@id":"https:\/\/www.aocbmma.com.br\/#website"},"datePublished":"2019-04-28T15:10:31+00:00","dateModified":"2019-04-29T13:57:13+00:00","breadcrumb":{"@id":"https:\/\/www.aocbmma.com.br\/index.php\/institucional\/manuais\/#breadcrumb"},"inLanguage":"pt-BR","potentialAction":[{"@type":"ReadAction","target":["https:\/\/www.aocbmma.com.br\/index.php\/institucional\/manuais\/"]}]},{"@type":"BreadcrumbList","@id":"https:\/\/www.aocbmma.com.br\/index.php\/institucional\/manuais\/#breadcrumb","itemListElement":[{"@type":"ListItem","position":1,"name":"In\u00edcio","item":"https:\/\/www.aocbmma.com.br\/"},{"@type":"ListItem","position":2,"name":"Institucional","item":"https:\/\/www.aocbmma.com.br\/index.php\/institucional\/"},{"@type":"ListItem","position":3,"name":"Manuais"}]},{"@type":"WebSite","@id":"https:\/\/www.aocbmma.com.br\/#website","url":"https:\/\/www.aocbmma.com.br\/","name":"AOCBMMA","description":"","publisher":{"@id":"https:\/\/www.aocbmma.com.br\/#organization"},"potentialAction":[{"@type":"SearchAction","target":{"@type":"EntryPoint","urlTemplate":"https:\/\/www.aocbmma.com.br\/?s={search_term_string}"},"query-input":{"@type":"PropertyValueSpecification","valueRequired":true,"valueName":"search_term_string"}}],"inLanguage":"pt-BR"},{"@type":"Organization","@id":"https:\/\/www.aocbmma.com.br\/#organization","name":"Associa\u00e7\u00e3o dos Oficiais do Corpo de Bombeiros Militar do Maranh\u00e3o","url":"https:\/\/www.aocbmma.com.br\/","logo":{"@type":"ImageObject","inLanguage":"pt-BR","@id":"https:\/\/www.aocbmma.com.br\/#\/schema\/logo\/image\/","url":"https:\/\/www.aocbmma.com.br\/wp-content\/uploads\/2019\/05\/brasao-grande.png","contentUrl":"https:\/\/www.aocbmma.com.br\/wp-content\/uploads\/2019\/05\/brasao-grande.png","width":1154,"height":1155,"caption":"Associa\u00e7\u00e3o dos Oficiais do Corpo de Bombeiros Militar do Maranh\u00e3o"},"image":{"@id":"https:\/\/www.aocbmma.com.br\/#\/schema\/logo\/image\/"},"sameAs":["https:\/\/www.facebook.com\/cobm.ma"]}]}},"_links":{"self":[{"href":"https:\/\/www.aocbmma.com.br\/index.php\/wp-json\/wp\/v2\/pages\/96","targetHints":{"allow":["GET"]}}],"collection":[{"href":"https:\/\/www.aocbmma.com.br\/index.php\/wp-json\/wp\/v2\/pages"}],"about":[{"href":"https:\/\/www.aocbmma.com.br\/index.php\/wp-json\/wp\/v2\/types\/page"}],"author":[{"embeddable":true,"href":"https:\/\/www.aocbmma.com.br\/index.php\/wp-json\/wp\/v2\/users\/1"}],"replies":[{"embeddable":true,"href":"https:\/\/www.aocbmma.com.br\/index.php\/wp-json\/wp\/v2\/comments?post=96"}],"version-history":[{"count":5,"href":"https:\/\/www.aocbmma.com.br\/index.php\/wp-json\/wp\/v2\/pages\/96\/revisions"}],"predecessor-version":[{"id":178,"href":"https:\/\/www.aocbmma.com.br\/index.php\/wp-json\/wp\/v2\/pages\/96\/revisions\/178"}],"up":[{"embeddable":true,"href":"https:\/\/www.aocbmma.com.br\/index.php\/wp-json\/wp\/v2\/pages\/66"}],"wp:attachment":[{"href":"https:\/\/www.aocbmma.com.br\/index.php\/wp-json\/wp\/v2\/media?parent=96"}],"curies":[{"name":"wp","href":"https:\/\/api.w.org\/{rel}","templated":true}]}}