{"id":68,"date":"2019-04-27T14:47:50","date_gmt":"2019-04-27T17:47:50","guid":{"rendered":"http:\/\/127.0.0.1\/?page_id=68"},"modified":"2019-04-27T19:47:52","modified_gmt":"2019-04-27T22:47:52","slug":"estatuto","status":"publish","type":"page","link":"https:\/\/www.aocbmma.com.br\/index.php\/institucional\/estatuto\/","title":{"rendered":"Estatuto"},"content":{"rendered":"<p class=\"text-justify\">O estatuto da AOCBMMA estabelece as normas jur\u00eddicas para o bom funcionamento da Associa\u00e7\u00e3o. Em seu artigo 2\u00ba esclarece os objetivos do C\u00edrculo 2 de Julho:<\/p>\n<ol class=\"text-justify\" style=\"list-style-type: upper-roman;\">\n<li>Proporcionar a pr\u00e1tica e o desenvolvimento da cultura f\u00edsica, art\u00edstica, moral, intelectual, c\u00edvica e recreativa;<\/li>\n<li>Promover e organizar atividades sociais, culturais e desportivas objetivando a integra\u00e7\u00e3o e entrosamento dos associados com seus familiares e demais segmentos da sociedade;<\/li>\n<li>Representar perante as autoridades administrativas e judiciais os interesses individuais e coletivos dos associados quanto \u00e0 defesa dos direitos relacionados \u00e0 atividade bombeiro militar;<\/li>\n<li>Promover reuni\u00f5es, simp\u00f3sios, encontros e outros eventos direcionados \u00e0 discuss\u00e3o e esclarecimento de assuntos de interesse geral, relacionados ou n\u00e3o \u00e0 profiss\u00e3o elaborando, quando aprovado pela maioria absoluta, documento proposta \u00e0s autoridades competentes.<\/li>\n<\/ol>\n<p><a target=\"_blank\" class=\"float-right\" href=\"\/wp-content\/uploads\/2019\/04\/Estatuto-AOCBMMA.pdf\" rel=\"noopener noreferrer\"><br \/>\n   <button class=\"btn btn-custom\" type=\"button\">Download<\/button><br \/>\n<\/a><\/p>\n","protected":false},"excerpt":{"rendered":"<p>O estatuto da AOCBMMA estabelece as normas jur\u00eddicas para o bom funcionamento da Associa\u00e7\u00e3o. Em seu artigo 2\u00ba esclarece os objetivos do C\u00edrculo 2 de Julho: Proporcionar a pr\u00e1tica e o desenvolvimento da cultura f\u00edsica, art\u00edstica, moral, intelectual, c\u00edvica e recreativa; Promover e organizar atividades sociais, culturais e desportivas objetivando a integra\u00e7\u00e3o e entrosamento dos [&hellip;]<\/p>\n","protected":false},"author":1,"featured_media":0,"parent":66,"menu_order":1,"comment_status":"closed","ping_status":"closed","template":"","meta":{"om_disable_all_campaigns":false,"_monsterinsights_skip_tracking":false,"_monsterinsights_sitenote_active":false,"_monsterinsights_sitenote_note":"","_monsterinsights_sitenote_category":0,"footnotes":""},"class_list":["post-68","page","type-page","status-publish","hentry"],"aioseo_notices":[],"yoast_head":"<!-- This site is optimized with the Yoast SEO plugin v27.4 - https:\/\/yoast.com\/product\/yoast-seo-wordpress\/ -->\n<title>Estatuto | AOCBMMA | Associa\u00e7\u00e3o dos Oficiais do Corpo de Bombeiros Militar do Maranh\u00e3o<\/title>\n<meta name=\"robots\" content=\"index, follow, max-snippet:-1, max-image-preview:large, max-video-preview:-1\" \/>\n<link rel=\"canonical\" href=\"https:\/\/www.aocbmma.com.br\/index.php\/institucional\/estatuto\/\" \/>\n<meta property=\"og:locale\" content=\"pt_BR\" \/>\n<meta property=\"og:type\" content=\"article\" \/>\n<meta property=\"og:title\" content=\"Estatuto | AOCBMMA | Associa\u00e7\u00e3o dos Oficiais do Corpo de Bombeiros Militar do Maranh\u00e3o\" \/>\n<meta property=\"og:description\" content=\"O estatuto da AOCBMMA estabelece as normas jur\u00eddicas para o bom funcionamento da Associa\u00e7\u00e3o. Em seu artigo 2\u00ba esclarece os objetivos do C\u00edrculo 2 de Julho: Proporcionar a pr\u00e1tica e o desenvolvimento da cultura f\u00edsica, art\u00edstica, moral, intelectual, c\u00edvica e recreativa; Promover e organizar atividades sociais, culturais e desportivas objetivando a integra\u00e7\u00e3o e entrosamento dos [&hellip;]\" \/>\n<meta property=\"og:url\" content=\"https:\/\/www.aocbmma.com.br\/index.php\/institucional\/estatuto\/\" \/>\n<meta property=\"og:site_name\" content=\"AOCBMMA | Associa\u00e7\u00e3o dos Oficiais do Corpo de Bombeiros Militar do Maranh\u00e3o\" \/>\n<meta property=\"article:publisher\" content=\"https:\/\/www.facebook.com\/cobm.ma\" \/>\n<meta property=\"article:modified_time\" content=\"2019-04-27T22:47:52+00:00\" \/>\n<meta name=\"twitter:card\" content=\"summary_large_image\" \/>\n<meta name=\"twitter:label1\" content=\"Est. tempo de leitura\" \/>\n\t<meta name=\"twitter:data1\" content=\"1 minuto\" \/>\n<script type=\"application\/ld+json\" class=\"yoast-schema-graph\">{\"@context\":\"https:\\\/\\\/schema.org\",\"@graph\":[{\"@type\":\"WebPage\",\"@id\":\"https:\\\/\\\/www.aocbmma.com.br\\\/index.php\\\/institucional\\\/estatuto\\\/\",\"url\":\"https:\\\/\\\/www.aocbmma.com.br\\\/index.php\\\/institucional\\\/estatuto\\\/\",\"name\":\"Estatuto | AOCBMMA | Associa\u00e7\u00e3o dos Oficiais do Corpo de Bombeiros Militar do Maranh\u00e3o\",\"isPartOf\":{\"@id\":\"https:\\\/\\\/www.aocbmma.com.br\\\/#website\"},\"datePublished\":\"2019-04-27T17:47:50+00:00\",\"dateModified\":\"2019-04-27T22:47:52+00:00\",\"breadcrumb\":{\"@id\":\"https:\\\/\\\/www.aocbmma.com.br\\\/index.php\\\/institucional\\\/estatuto\\\/#breadcrumb\"},\"inLanguage\":\"pt-BR\",\"potentialAction\":[{\"@type\":\"ReadAction\",\"target\":[\"https:\\\/\\\/www.aocbmma.com.br\\\/index.php\\\/institucional\\\/estatuto\\\/\"]}]},{\"@type\":\"BreadcrumbList\",\"@id\":\"https:\\\/\\\/www.aocbmma.com.br\\\/index.php\\\/institucional\\\/estatuto\\\/#breadcrumb\",\"itemListElement\":[{\"@type\":\"ListItem\",\"position\":1,\"name\":\"In\u00edcio\",\"item\":\"https:\\\/\\\/www.aocbmma.com.br\\\/\"},{\"@type\":\"ListItem\",\"position\":2,\"name\":\"Institucional\",\"item\":\"https:\\\/\\\/www.aocbmma.com.br\\\/index.php\\\/institucional\\\/\"},{\"@type\":\"ListItem\",\"position\":3,\"name\":\"Estatuto\"}]},{\"@type\":\"WebSite\",\"@id\":\"https:\\\/\\\/www.aocbmma.com.br\\\/#website\",\"url\":\"https:\\\/\\\/www.aocbmma.com.br\\\/\",\"name\":\"AOCBMMA\",\"description\":\"\",\"publisher\":{\"@id\":\"https:\\\/\\\/www.aocbmma.com.br\\\/#organization\"},\"potentialAction\":[{\"@type\":\"SearchAction\",\"target\":{\"@type\":\"EntryPoint\",\"urlTemplate\":\"https:\\\/\\\/www.aocbmma.com.br\\\/?s={search_term_string}\"},\"query-input\":{\"@type\":\"PropertyValueSpecification\",\"valueRequired\":true,\"valueName\":\"search_term_string\"}}],\"inLanguage\":\"pt-BR\"},{\"@type\":\"Organization\",\"@id\":\"https:\\\/\\\/www.aocbmma.com.br\\\/#organization\",\"name\":\"Associa\u00e7\u00e3o dos Oficiais do Corpo de Bombeiros Militar do Maranh\u00e3o\",\"url\":\"https:\\\/\\\/www.aocbmma.com.br\\\/\",\"logo\":{\"@type\":\"ImageObject\",\"inLanguage\":\"pt-BR\",\"@id\":\"https:\\\/\\\/www.aocbmma.com.br\\\/#\\\/schema\\\/logo\\\/image\\\/\",\"url\":\"https:\\\/\\\/www.aocbmma.com.br\\\/wp-content\\\/uploads\\\/2019\\\/05\\\/brasao-grande.png\",\"contentUrl\":\"https:\\\/\\\/www.aocbmma.com.br\\\/wp-content\\\/uploads\\\/2019\\\/05\\\/brasao-grande.png\",\"width\":1154,\"height\":1155,\"caption\":\"Associa\u00e7\u00e3o dos Oficiais do Corpo de Bombeiros Militar do Maranh\u00e3o\"},\"image\":{\"@id\":\"https:\\\/\\\/www.aocbmma.com.br\\\/#\\\/schema\\\/logo\\\/image\\\/\"},\"sameAs\":[\"https:\\\/\\\/www.facebook.com\\\/cobm.ma\"]}]}<\/script>\n<!-- \/ Yoast SEO plugin. -->","yoast_head_json":{"title":"Estatuto | AOCBMMA | Associa\u00e7\u00e3o dos Oficiais do Corpo de Bombeiros Militar do Maranh\u00e3o","robots":{"index":"index","follow":"follow","max-snippet":"max-snippet:-1","max-image-preview":"max-image-preview:large","max-video-preview":"max-video-preview:-1"},"canonical":"https:\/\/www.aocbmma.com.br\/index.php\/institucional\/estatuto\/","og_locale":"pt_BR","og_type":"article","og_title":"Estatuto | AOCBMMA | Associa\u00e7\u00e3o dos Oficiais do Corpo de Bombeiros Militar do Maranh\u00e3o","og_description":"O estatuto da AOCBMMA estabelece as normas jur\u00eddicas para o bom funcionamento da Associa\u00e7\u00e3o. Em seu artigo 2\u00ba esclarece os objetivos do C\u00edrculo 2 de Julho: Proporcionar a pr\u00e1tica e o desenvolvimento da cultura f\u00edsica, art\u00edstica, moral, intelectual, c\u00edvica e recreativa; Promover e organizar atividades sociais, culturais e desportivas objetivando a integra\u00e7\u00e3o e entrosamento dos [&hellip;]","og_url":"https:\/\/www.aocbmma.com.br\/index.php\/institucional\/estatuto\/","og_site_name":"AOCBMMA | Associa\u00e7\u00e3o dos Oficiais do Corpo de Bombeiros Militar do Maranh\u00e3o","article_publisher":"https:\/\/www.facebook.com\/cobm.ma","article_modified_time":"2019-04-27T22:47:52+00:00","twitter_card":"summary_large_image","twitter_misc":{"Est. tempo de leitura":"1 minuto"},"schema":{"@context":"https:\/\/schema.org","@graph":[{"@type":"WebPage","@id":"https:\/\/www.aocbmma.com.br\/index.php\/institucional\/estatuto\/","url":"https:\/\/www.aocbmma.com.br\/index.php\/institucional\/estatuto\/","name":"Estatuto | AOCBMMA | Associa\u00e7\u00e3o dos Oficiais do Corpo de Bombeiros Militar do Maranh\u00e3o","isPartOf":{"@id":"https:\/\/www.aocbmma.com.br\/#website"},"datePublished":"2019-04-27T17:47:50+00:00","dateModified":"2019-04-27T22:47:52+00:00","breadcrumb":{"@id":"https:\/\/www.aocbmma.com.br\/index.php\/institucional\/estatuto\/#breadcrumb"},"inLanguage":"pt-BR","potentialAction":[{"@type":"ReadAction","target":["https:\/\/www.aocbmma.com.br\/index.php\/institucional\/estatuto\/"]}]},{"@type":"BreadcrumbList","@id":"https:\/\/www.aocbmma.com.br\/index.php\/institucional\/estatuto\/#breadcrumb","itemListElement":[{"@type":"ListItem","position":1,"name":"In\u00edcio","item":"https:\/\/www.aocbmma.com.br\/"},{"@type":"ListItem","position":2,"name":"Institucional","item":"https:\/\/www.aocbmma.com.br\/index.php\/institucional\/"},{"@type":"ListItem","position":3,"name":"Estatuto"}]},{"@type":"WebSite","@id":"https:\/\/www.aocbmma.com.br\/#website","url":"https:\/\/www.aocbmma.com.br\/","name":"AOCBMMA","description":"","publisher":{"@id":"https:\/\/www.aocbmma.com.br\/#organization"},"potentialAction":[{"@type":"SearchAction","target":{"@type":"EntryPoint","urlTemplate":"https:\/\/www.aocbmma.com.br\/?s={search_term_string}"},"query-input":{"@type":"PropertyValueSpecification","valueRequired":true,"valueName":"search_term_string"}}],"inLanguage":"pt-BR"},{"@type":"Organization","@id":"https:\/\/www.aocbmma.com.br\/#organization","name":"Associa\u00e7\u00e3o dos Oficiais do Corpo de Bombeiros Militar do Maranh\u00e3o","url":"https:\/\/www.aocbmma.com.br\/","logo":{"@type":"ImageObject","inLanguage":"pt-BR","@id":"https:\/\/www.aocbmma.com.br\/#\/schema\/logo\/image\/","url":"https:\/\/www.aocbmma.com.br\/wp-content\/uploads\/2019\/05\/brasao-grande.png","contentUrl":"https:\/\/www.aocbmma.com.br\/wp-content\/uploads\/2019\/05\/brasao-grande.png","width":1154,"height":1155,"caption":"Associa\u00e7\u00e3o dos Oficiais do Corpo de Bombeiros Militar do Maranh\u00e3o"},"image":{"@id":"https:\/\/www.aocbmma.com.br\/#\/schema\/logo\/image\/"},"sameAs":["https:\/\/www.facebook.com\/cobm.ma"]}]}},"_links":{"self":[{"href":"https:\/\/www.aocbmma.com.br\/index.php\/wp-json\/wp\/v2\/pages\/68","targetHints":{"allow":["GET"]}}],"collection":[{"href":"https:\/\/www.aocbmma.com.br\/index.php\/wp-json\/wp\/v2\/pages"}],"about":[{"href":"https:\/\/www.aocbmma.com.br\/index.php\/wp-json\/wp\/v2\/types\/page"}],"author":[{"embeddable":true,"href":"https:\/\/www.aocbmma.com.br\/index.php\/wp-json\/wp\/v2\/users\/1"}],"replies":[{"embeddable":true,"href":"https:\/\/www.aocbmma.com.br\/index.php\/wp-json\/wp\/v2\/comments?post=68"}],"version-history":[{"count":9,"href":"https:\/\/www.aocbmma.com.br\/index.php\/wp-json\/wp\/v2\/pages\/68\/revisions"}],"predecessor-version":[{"id":92,"href":"https:\/\/www.aocbmma.com.br\/index.php\/wp-json\/wp\/v2\/pages\/68\/revisions\/92"}],"up":[{"embeddable":true,"href":"https:\/\/www.aocbmma.com.br\/index.php\/wp-json\/wp\/v2\/pages\/66"}],"wp:attachment":[{"href":"https:\/\/www.aocbmma.com.br\/index.php\/wp-json\/wp\/v2\/media?parent=68"}],"curies":[{"name":"wp","href":"https:\/\/api.w.org\/{rel}","templated":true}]}}