{"id":116,"date":"2019-04-28T12:15:00","date_gmt":"2019-04-28T15:15:00","guid":{"rendered":"http:\/\/127.0.0.1\/?page_id=116"},"modified":"2019-08-01T12:42:10","modified_gmt":"2019-08-01T15:42:10","slug":"acoes-em-tramite","status":"publish","type":"page","link":"https:\/\/www.aocbmma.com.br\/index.php\/juridico\/acoes-em-tramite\/","title":{"rendered":"A\u00e7\u00f5es em tr\u00e2mite"},"content":{"rendered":"<p>&nbsp;<\/p>\n<table class=\"table table-striped table-responsive\">\n<thead>\n<tr>\n<th>N\u00ba do processo<\/th>\n<th>Vara<\/th>\n<th>Objeto<\/th>\n<th>Requerido<\/th>\n<th>Andamento atual<\/th>\n<\/tr>\n<\/thead>\n<tbody>\n<tr>\n<td class=\"align-middle\">386012015<\/td>\n<td class=\"align-middle\">4\u00aa Vara da Fazenda da Fazenda P\u00fablica<\/td>\n<td class=\"align-middle\">URV (11,98%)<\/td>\n<td class=\"align-middle\">Estado do Maranh\u00e3o<\/td>\n<td class=\"align-middle\">Senten\u00e7a julgando procedente o pleito. Publicado no dia 13\/10\/2016. Aguardando prazo de recursos volunt\u00e1rios<\/td>\n<\/tr>\n<tr>\n<td class=\"align-middle\">0857243-80.2018.8.10.0001<\/td>\n<td class=\"align-middle\">7\u00aa Vara da Fazenda da Fazenda P\u00fablica<\/td>\n<td class=\"align-middle\">88%<\/td>\n<td class=\"align-middle\">Estado do Maranh\u00e3o<\/td>\n<td class=\"align-middle\">Conclusos para despacho<\/td>\n<\/tr>\n<tr>\n<td class=\"align-middle\">0860074-04.2018.8.10.0001<\/td>\n<td class=\"align-middle\">Vara de Interesses Difusos e Coletivos de S\u00e3o Lu\u00eds<\/td>\n<td class=\"align-middle\">Fardamento<\/td>\n<td class=\"align-middle\">Estado do Maranh\u00e3o<\/td>\n<td class=\"align-middle\">Citado o r\u00e9u para apresentar resposta no prazo de 30 dias<\/td>\n<\/tr>\n<tr>\n<td class=\"align-middle\">0806456-16.2019.8.10.0000<\/td>\n<td class=\"align-middle\">Gabinete do Desembargador Ant\u00f4nio Fernando Bayma Araujo<\/td>\n<td class=\"align-middle\">Assist\u00eancia aos filhos e dependentes desde o nascimento at\u00e9 5 anos em creches e pr\u00e9-escolas<\/td>\n<td class=\"align-middle\">Estado do Maranh\u00e3o<\/td>\n<td class=\"align-middle\"><\/td>\n<\/tr>\n<\/tbody>\n<\/table>\n","protected":false},"excerpt":{"rendered":"<p>&nbsp; N\u00ba do processo Vara Objeto Requerido Andamento atual 386012015 4\u00aa Vara da Fazenda da Fazenda P\u00fablica URV (11,98%) Estado do Maranh\u00e3o Senten\u00e7a julgando procedente o pleito. Publicado no dia 13\/10\/2016. Aguardando prazo de recursos volunt\u00e1rios 0857243-80.2018.8.10.0001 7\u00aa Vara da Fazenda da Fazenda P\u00fablica 88% Estado do Maranh\u00e3o Conclusos para despacho 0860074-04.2018.8.10.0001 Vara de Interesses [&hellip;]<\/p>\n","protected":false},"author":1,"featured_media":0,"parent":110,"menu_order":3,"comment_status":"closed","ping_status":"closed","template":"","meta":{"om_disable_all_campaigns":false,"_monsterinsights_skip_tracking":false,"_monsterinsights_sitenote_active":false,"_monsterinsights_sitenote_note":"","_monsterinsights_sitenote_category":0,"footnotes":""},"class_list":["post-116","page","type-page","status-publish","hentry"],"aioseo_notices":[],"yoast_head":"<!-- This site is optimized with the Yoast SEO plugin v27.5 - https:\/\/yoast.com\/product\/yoast-seo-wordpress\/ -->\n<title>A\u00e7\u00f5es em tr\u00e2mite | AOCBMMA | Associa\u00e7\u00e3o dos Oficiais do Corpo de Bombeiros Militar do Maranh\u00e3o<\/title>\n<meta name=\"robots\" content=\"index, follow, max-snippet:-1, max-image-preview:large, max-video-preview:-1\" \/>\n<link rel=\"canonical\" href=\"https:\/\/www.aocbmma.com.br\/index.php\/juridico\/acoes-em-tramite\/\" \/>\n<meta property=\"og:locale\" content=\"pt_BR\" \/>\n<meta property=\"og:type\" content=\"article\" \/>\n<meta property=\"og:title\" content=\"A\u00e7\u00f5es em tr\u00e2mite | AOCBMMA | Associa\u00e7\u00e3o dos Oficiais do Corpo de Bombeiros Militar do Maranh\u00e3o\" \/>\n<meta property=\"og:description\" content=\"&nbsp; N\u00ba do processo Vara Objeto Requerido Andamento atual 386012015 4\u00aa Vara da Fazenda da Fazenda P\u00fablica URV (11,98%) Estado do Maranh\u00e3o Senten\u00e7a julgando procedente o pleito. Publicado no dia 13\/10\/2016. Aguardando prazo de recursos volunt\u00e1rios 0857243-80.2018.8.10.0001 7\u00aa Vara da Fazenda da Fazenda P\u00fablica 88% Estado do Maranh\u00e3o Conclusos para despacho 0860074-04.2018.8.10.0001 Vara de Interesses [&hellip;]\" \/>\n<meta property=\"og:url\" content=\"https:\/\/www.aocbmma.com.br\/index.php\/juridico\/acoes-em-tramite\/\" \/>\n<meta property=\"og:site_name\" content=\"AOCBMMA | Associa\u00e7\u00e3o dos Oficiais do Corpo de Bombeiros Militar do Maranh\u00e3o\" \/>\n<meta property=\"article:publisher\" content=\"https:\/\/www.facebook.com\/cobm.ma\" \/>\n<meta property=\"article:modified_time\" content=\"2019-08-01T15:42:10+00:00\" \/>\n<meta name=\"twitter:card\" content=\"summary_large_image\" \/>\n<meta name=\"twitter:label1\" content=\"Est. tempo de leitura\" \/>\n\t<meta name=\"twitter:data1\" content=\"1 minuto\" \/>\n<script type=\"application\/ld+json\" class=\"yoast-schema-graph\">{\"@context\":\"https:\\\/\\\/schema.org\",\"@graph\":[{\"@type\":\"WebPage\",\"@id\":\"https:\\\/\\\/www.aocbmma.com.br\\\/index.php\\\/juridico\\\/acoes-em-tramite\\\/\",\"url\":\"https:\\\/\\\/www.aocbmma.com.br\\\/index.php\\\/juridico\\\/acoes-em-tramite\\\/\",\"name\":\"A\u00e7\u00f5es em tr\u00e2mite | AOCBMMA | Associa\u00e7\u00e3o dos Oficiais do Corpo de Bombeiros Militar do Maranh\u00e3o\",\"isPartOf\":{\"@id\":\"https:\\\/\\\/www.aocbmma.com.br\\\/#website\"},\"datePublished\":\"2019-04-28T15:15:00+00:00\",\"dateModified\":\"2019-08-01T15:42:10+00:00\",\"breadcrumb\":{\"@id\":\"https:\\\/\\\/www.aocbmma.com.br\\\/index.php\\\/juridico\\\/acoes-em-tramite\\\/#breadcrumb\"},\"inLanguage\":\"pt-BR\",\"potentialAction\":[{\"@type\":\"ReadAction\",\"target\":[\"https:\\\/\\\/www.aocbmma.com.br\\\/index.php\\\/juridico\\\/acoes-em-tramite\\\/\"]}]},{\"@type\":\"BreadcrumbList\",\"@id\":\"https:\\\/\\\/www.aocbmma.com.br\\\/index.php\\\/juridico\\\/acoes-em-tramite\\\/#breadcrumb\",\"itemListElement\":[{\"@type\":\"ListItem\",\"position\":1,\"name\":\"In\u00edcio\",\"item\":\"https:\\\/\\\/www.aocbmma.com.br\\\/\"},{\"@type\":\"ListItem\",\"position\":2,\"name\":\"Jur\u00eddico\",\"item\":\"https:\\\/\\\/www.aocbmma.com.br\\\/index.php\\\/juridico\\\/\"},{\"@type\":\"ListItem\",\"position\":3,\"name\":\"A\u00e7\u00f5es em tr\u00e2mite\"}]},{\"@type\":\"WebSite\",\"@id\":\"https:\\\/\\\/www.aocbmma.com.br\\\/#website\",\"url\":\"https:\\\/\\\/www.aocbmma.com.br\\\/\",\"name\":\"AOCBMMA\",\"description\":\"\",\"publisher\":{\"@id\":\"https:\\\/\\\/www.aocbmma.com.br\\\/#organization\"},\"potentialAction\":[{\"@type\":\"SearchAction\",\"target\":{\"@type\":\"EntryPoint\",\"urlTemplate\":\"https:\\\/\\\/www.aocbmma.com.br\\\/?s={search_term_string}\"},\"query-input\":{\"@type\":\"PropertyValueSpecification\",\"valueRequired\":true,\"valueName\":\"search_term_string\"}}],\"inLanguage\":\"pt-BR\"},{\"@type\":\"Organization\",\"@id\":\"https:\\\/\\\/www.aocbmma.com.br\\\/#organization\",\"name\":\"Associa\u00e7\u00e3o dos Oficiais do Corpo de Bombeiros Militar do Maranh\u00e3o\",\"url\":\"https:\\\/\\\/www.aocbmma.com.br\\\/\",\"logo\":{\"@type\":\"ImageObject\",\"inLanguage\":\"pt-BR\",\"@id\":\"https:\\\/\\\/www.aocbmma.com.br\\\/#\\\/schema\\\/logo\\\/image\\\/\",\"url\":\"https:\\\/\\\/www.aocbmma.com.br\\\/wp-content\\\/uploads\\\/2019\\\/05\\\/brasao-grande.png\",\"contentUrl\":\"https:\\\/\\\/www.aocbmma.com.br\\\/wp-content\\\/uploads\\\/2019\\\/05\\\/brasao-grande.png\",\"width\":1154,\"height\":1155,\"caption\":\"Associa\u00e7\u00e3o dos Oficiais do Corpo de Bombeiros Militar do Maranh\u00e3o\"},\"image\":{\"@id\":\"https:\\\/\\\/www.aocbmma.com.br\\\/#\\\/schema\\\/logo\\\/image\\\/\"},\"sameAs\":[\"https:\\\/\\\/www.facebook.com\\\/cobm.ma\"]}]}<\/script>\n<!-- \/ Yoast SEO plugin. -->","yoast_head_json":{"title":"A\u00e7\u00f5es em tr\u00e2mite | AOCBMMA | Associa\u00e7\u00e3o dos Oficiais do Corpo de Bombeiros Militar do Maranh\u00e3o","robots":{"index":"index","follow":"follow","max-snippet":"max-snippet:-1","max-image-preview":"max-image-preview:large","max-video-preview":"max-video-preview:-1"},"canonical":"https:\/\/www.aocbmma.com.br\/index.php\/juridico\/acoes-em-tramite\/","og_locale":"pt_BR","og_type":"article","og_title":"A\u00e7\u00f5es em tr\u00e2mite | AOCBMMA | Associa\u00e7\u00e3o dos Oficiais do Corpo de Bombeiros Militar do Maranh\u00e3o","og_description":"&nbsp; N\u00ba do processo Vara Objeto Requerido Andamento atual 386012015 4\u00aa Vara da Fazenda da Fazenda P\u00fablica URV (11,98%) Estado do Maranh\u00e3o Senten\u00e7a julgando procedente o pleito. Publicado no dia 13\/10\/2016. Aguardando prazo de recursos volunt\u00e1rios 0857243-80.2018.8.10.0001 7\u00aa Vara da Fazenda da Fazenda P\u00fablica 88% Estado do Maranh\u00e3o Conclusos para despacho 0860074-04.2018.8.10.0001 Vara de Interesses [&hellip;]","og_url":"https:\/\/www.aocbmma.com.br\/index.php\/juridico\/acoes-em-tramite\/","og_site_name":"AOCBMMA | Associa\u00e7\u00e3o dos Oficiais do Corpo de Bombeiros Militar do Maranh\u00e3o","article_publisher":"https:\/\/www.facebook.com\/cobm.ma","article_modified_time":"2019-08-01T15:42:10+00:00","twitter_card":"summary_large_image","twitter_misc":{"Est. tempo de leitura":"1 minuto"},"schema":{"@context":"https:\/\/schema.org","@graph":[{"@type":"WebPage","@id":"https:\/\/www.aocbmma.com.br\/index.php\/juridico\/acoes-em-tramite\/","url":"https:\/\/www.aocbmma.com.br\/index.php\/juridico\/acoes-em-tramite\/","name":"A\u00e7\u00f5es em tr\u00e2mite | AOCBMMA | Associa\u00e7\u00e3o dos Oficiais do Corpo de Bombeiros Militar do Maranh\u00e3o","isPartOf":{"@id":"https:\/\/www.aocbmma.com.br\/#website"},"datePublished":"2019-04-28T15:15:00+00:00","dateModified":"2019-08-01T15:42:10+00:00","breadcrumb":{"@id":"https:\/\/www.aocbmma.com.br\/index.php\/juridico\/acoes-em-tramite\/#breadcrumb"},"inLanguage":"pt-BR","potentialAction":[{"@type":"ReadAction","target":["https:\/\/www.aocbmma.com.br\/index.php\/juridico\/acoes-em-tramite\/"]}]},{"@type":"BreadcrumbList","@id":"https:\/\/www.aocbmma.com.br\/index.php\/juridico\/acoes-em-tramite\/#breadcrumb","itemListElement":[{"@type":"ListItem","position":1,"name":"In\u00edcio","item":"https:\/\/www.aocbmma.com.br\/"},{"@type":"ListItem","position":2,"name":"Jur\u00eddico","item":"https:\/\/www.aocbmma.com.br\/index.php\/juridico\/"},{"@type":"ListItem","position":3,"name":"A\u00e7\u00f5es em tr\u00e2mite"}]},{"@type":"WebSite","@id":"https:\/\/www.aocbmma.com.br\/#website","url":"https:\/\/www.aocbmma.com.br\/","name":"AOCBMMA","description":"","publisher":{"@id":"https:\/\/www.aocbmma.com.br\/#organization"},"potentialAction":[{"@type":"SearchAction","target":{"@type":"EntryPoint","urlTemplate":"https:\/\/www.aocbmma.com.br\/?s={search_term_string}"},"query-input":{"@type":"PropertyValueSpecification","valueRequired":true,"valueName":"search_term_string"}}],"inLanguage":"pt-BR"},{"@type":"Organization","@id":"https:\/\/www.aocbmma.com.br\/#organization","name":"Associa\u00e7\u00e3o dos Oficiais do Corpo de Bombeiros Militar do Maranh\u00e3o","url":"https:\/\/www.aocbmma.com.br\/","logo":{"@type":"ImageObject","inLanguage":"pt-BR","@id":"https:\/\/www.aocbmma.com.br\/#\/schema\/logo\/image\/","url":"https:\/\/www.aocbmma.com.br\/wp-content\/uploads\/2019\/05\/brasao-grande.png","contentUrl":"https:\/\/www.aocbmma.com.br\/wp-content\/uploads\/2019\/05\/brasao-grande.png","width":1154,"height":1155,"caption":"Associa\u00e7\u00e3o dos Oficiais do Corpo de Bombeiros Militar do Maranh\u00e3o"},"image":{"@id":"https:\/\/www.aocbmma.com.br\/#\/schema\/logo\/image\/"},"sameAs":["https:\/\/www.facebook.com\/cobm.ma"]}]}},"_links":{"self":[{"href":"https:\/\/www.aocbmma.com.br\/index.php\/wp-json\/wp\/v2\/pages\/116","targetHints":{"allow":["GET"]}}],"collection":[{"href":"https:\/\/www.aocbmma.com.br\/index.php\/wp-json\/wp\/v2\/pages"}],"about":[{"href":"https:\/\/www.aocbmma.com.br\/index.php\/wp-json\/wp\/v2\/types\/page"}],"author":[{"embeddable":true,"href":"https:\/\/www.aocbmma.com.br\/index.php\/wp-json\/wp\/v2\/users\/1"}],"replies":[{"embeddable":true,"href":"https:\/\/www.aocbmma.com.br\/index.php\/wp-json\/wp\/v2\/comments?post=116"}],"version-history":[{"count":5,"href":"https:\/\/www.aocbmma.com.br\/index.php\/wp-json\/wp\/v2\/pages\/116\/revisions"}],"predecessor-version":[{"id":436,"href":"https:\/\/www.aocbmma.com.br\/index.php\/wp-json\/wp\/v2\/pages\/116\/revisions\/436"}],"up":[{"embeddable":true,"href":"https:\/\/www.aocbmma.com.br\/index.php\/wp-json\/wp\/v2\/pages\/110"}],"wp:attachment":[{"href":"https:\/\/www.aocbmma.com.br\/index.php\/wp-json\/wp\/v2\/media?parent=116"}],"curies":[{"name":"wp","href":"https:\/\/api.w.org\/{rel}","templated":true}]}}