{"id":114,"date":"2019-04-28T12:14:13","date_gmt":"2019-04-28T15:14:13","guid":{"rendered":"http:\/\/127.0.0.1\/?page_id=114"},"modified":"2022-02-03T18:50:52","modified_gmt":"2022-02-03T21:50:52","slug":"atendimento","status":"publish","type":"page","link":"https:\/\/www.aocbmma.com.br\/index.php\/juridico\/atendimento\/","title":{"rendered":"Atendimento"},"content":{"rendered":"<div class=\"row\">\n<div id=\"conteudo\" class=\"col-10 offset-1\">\n<div class=\"row mt-2\">\n<div class=\"col-12\"><strong>DARKSON ALMEIDA &#8211; ADVOCACIA E CONSULTORIA<\/strong><\/div>\n<div><\/div>\n<\/div>\n<div class=\"row mt-5\">\n<div class=\"col-sm-12 col-lg-6\">\n<p><i class=\"fas fa-map-marker-alt\"><\/i><b> Endere\u00e7o<\/b><\/p>\n<address>Avenida Jer\u00f4nimo de Albuquerque, sala 211, Cohafuma<br \/>\nS\u00e3o Lu\u00eds \/ MA<\/address>\n<\/div>\n<div class=\"col-sm-12 col-lg-6\">\n<p><i class=\"fas fa-phone\"><\/i><b> Telefone<\/b><\/p>\n<p>(98) 9960-2218<\/p>\n<\/div>\n<\/div>\n<div class=\"row mt-2\">\n<div class=\"col-sm-12 col-lg-6\">\n<p><i class=\"fas fa-envelope\"><\/i><b> E-mail<\/b><\/p>\n<p>almeidamotaadv@gmail.com<\/p>\n<\/div>\n<div class=\"col-sm-12 col-lg-6\"><i class=\"fas fa-globe\"><\/i><b> Site<\/b>\n<\/div>\n<\/div>\n<div class=\"row mt-2\">\n<div class=\"col-sm-12 col-lg-6\">\n<p><i class=\"fas fa-clock\"><\/i><b> Hor\u00e1rio de atendimento<\/b><\/p>\n<p>08:00 \u00e0s 16:00<\/p>\n<\/div>\n<\/div>\n<div class=\"row mt-2\">\n<div class=\"col-sm-12 col-lg-6\">\n<p><i class=\"fas fa-calendar-alt\"><\/i><b> Dia de atendimento<\/b><\/p>\n<p>Os atendimentos se dar\u00e3o somente \u00e0s quartas-feiras, mediante agendamento pr\u00e9vio. Salvo os casos urgentes.<\/p>\n<\/div>\n<\/div>\n<\/div>\n<\/div>\n","protected":false},"excerpt":{"rendered":"<p>DARKSON ALMEIDA &#8211; ADVOCACIA E CONSULTORIA Endere\u00e7o Avenida Jer\u00f4nimo de Albuquerque, sala 211, Cohafuma S\u00e3o Lu\u00eds \/ MA Telefone (98) 9960-2218 E-mail almeidamotaadv@gmail.com Site Hor\u00e1rio de atendimento 08:00 \u00e0s 16:00 Dia de atendimento Os atendimentos se dar\u00e3o somente \u00e0s quartas-feiras, mediante agendamento pr\u00e9vio. Salvo os casos urgentes.<\/p>\n","protected":false},"author":1,"featured_media":0,"parent":110,"menu_order":2,"comment_status":"closed","ping_status":"closed","template":"","meta":{"om_disable_all_campaigns":false,"_monsterinsights_skip_tracking":false,"_monsterinsights_sitenote_active":false,"_monsterinsights_sitenote_note":"","_monsterinsights_sitenote_category":0,"footnotes":""},"class_list":["post-114","page","type-page","status-publish","hentry"],"aioseo_notices":[],"yoast_head":"<!-- This site is optimized with the Yoast SEO plugin v27.3 - https:\/\/yoast.com\/product\/yoast-seo-wordpress\/ -->\n<title>Atendimento | AOCBMMA | Associa\u00e7\u00e3o dos Oficiais do Corpo de Bombeiros Militar do Maranh\u00e3o<\/title>\n<meta name=\"robots\" content=\"index, follow, max-snippet:-1, max-image-preview:large, max-video-preview:-1\" \/>\n<link rel=\"canonical\" href=\"https:\/\/www.aocbmma.com.br\/index.php\/juridico\/atendimento\/\" \/>\n<meta property=\"og:locale\" content=\"pt_BR\" \/>\n<meta property=\"og:type\" content=\"article\" \/>\n<meta property=\"og:title\" content=\"Atendimento | AOCBMMA | Associa\u00e7\u00e3o dos Oficiais do Corpo de Bombeiros Militar do Maranh\u00e3o\" \/>\n<meta property=\"og:description\" content=\"DARKSON ALMEIDA &#8211; ADVOCACIA E CONSULTORIA Endere\u00e7o Avenida Jer\u00f4nimo de Albuquerque, sala 211, Cohafuma S\u00e3o Lu\u00eds \/ MA Telefone (98) 9960-2218 E-mail almeidamotaadv@gmail.com Site Hor\u00e1rio de atendimento 08:00 \u00e0s 16:00 Dia de atendimento Os atendimentos se dar\u00e3o somente \u00e0s quartas-feiras, mediante agendamento pr\u00e9vio. Salvo os casos urgentes.\" \/>\n<meta property=\"og:url\" content=\"https:\/\/www.aocbmma.com.br\/index.php\/juridico\/atendimento\/\" \/>\n<meta property=\"og:site_name\" content=\"AOCBMMA | Associa\u00e7\u00e3o dos Oficiais do Corpo de Bombeiros Militar do Maranh\u00e3o\" \/>\n<meta property=\"article:publisher\" content=\"https:\/\/www.facebook.com\/cobm.ma\" \/>\n<meta property=\"article:modified_time\" content=\"2022-02-03T21:50:52+00:00\" \/>\n<meta name=\"twitter:card\" content=\"summary_large_image\" \/>\n<script type=\"application\/ld+json\" class=\"yoast-schema-graph\">{\"@context\":\"https:\\\/\\\/schema.org\",\"@graph\":[{\"@type\":\"WebPage\",\"@id\":\"https:\\\/\\\/www.aocbmma.com.br\\\/index.php\\\/juridico\\\/atendimento\\\/\",\"url\":\"https:\\\/\\\/www.aocbmma.com.br\\\/index.php\\\/juridico\\\/atendimento\\\/\",\"name\":\"Atendimento | AOCBMMA | Associa\u00e7\u00e3o dos Oficiais do Corpo de Bombeiros Militar do Maranh\u00e3o\",\"isPartOf\":{\"@id\":\"https:\\\/\\\/www.aocbmma.com.br\\\/#website\"},\"datePublished\":\"2019-04-28T15:14:13+00:00\",\"dateModified\":\"2022-02-03T21:50:52+00:00\",\"breadcrumb\":{\"@id\":\"https:\\\/\\\/www.aocbmma.com.br\\\/index.php\\\/juridico\\\/atendimento\\\/#breadcrumb\"},\"inLanguage\":\"pt-BR\",\"potentialAction\":[{\"@type\":\"ReadAction\",\"target\":[\"https:\\\/\\\/www.aocbmma.com.br\\\/index.php\\\/juridico\\\/atendimento\\\/\"]}]},{\"@type\":\"BreadcrumbList\",\"@id\":\"https:\\\/\\\/www.aocbmma.com.br\\\/index.php\\\/juridico\\\/atendimento\\\/#breadcrumb\",\"itemListElement\":[{\"@type\":\"ListItem\",\"position\":1,\"name\":\"In\u00edcio\",\"item\":\"https:\\\/\\\/www.aocbmma.com.br\\\/\"},{\"@type\":\"ListItem\",\"position\":2,\"name\":\"Jur\u00eddico\",\"item\":\"https:\\\/\\\/www.aocbmma.com.br\\\/index.php\\\/juridico\\\/\"},{\"@type\":\"ListItem\",\"position\":3,\"name\":\"Atendimento\"}]},{\"@type\":\"WebSite\",\"@id\":\"https:\\\/\\\/www.aocbmma.com.br\\\/#website\",\"url\":\"https:\\\/\\\/www.aocbmma.com.br\\\/\",\"name\":\"AOCBMMA\",\"description\":\"\",\"publisher\":{\"@id\":\"https:\\\/\\\/www.aocbmma.com.br\\\/#organization\"},\"potentialAction\":[{\"@type\":\"SearchAction\",\"target\":{\"@type\":\"EntryPoint\",\"urlTemplate\":\"https:\\\/\\\/www.aocbmma.com.br\\\/?s={search_term_string}\"},\"query-input\":{\"@type\":\"PropertyValueSpecification\",\"valueRequired\":true,\"valueName\":\"search_term_string\"}}],\"inLanguage\":\"pt-BR\"},{\"@type\":\"Organization\",\"@id\":\"https:\\\/\\\/www.aocbmma.com.br\\\/#organization\",\"name\":\"Associa\u00e7\u00e3o dos Oficiais do Corpo de Bombeiros Militar do Maranh\u00e3o\",\"url\":\"https:\\\/\\\/www.aocbmma.com.br\\\/\",\"logo\":{\"@type\":\"ImageObject\",\"inLanguage\":\"pt-BR\",\"@id\":\"https:\\\/\\\/www.aocbmma.com.br\\\/#\\\/schema\\\/logo\\\/image\\\/\",\"url\":\"https:\\\/\\\/www.aocbmma.com.br\\\/wp-content\\\/uploads\\\/2019\\\/05\\\/brasao-grande.png\",\"contentUrl\":\"https:\\\/\\\/www.aocbmma.com.br\\\/wp-content\\\/uploads\\\/2019\\\/05\\\/brasao-grande.png\",\"width\":1154,\"height\":1155,\"caption\":\"Associa\u00e7\u00e3o dos Oficiais do Corpo de Bombeiros Militar do Maranh\u00e3o\"},\"image\":{\"@id\":\"https:\\\/\\\/www.aocbmma.com.br\\\/#\\\/schema\\\/logo\\\/image\\\/\"},\"sameAs\":[\"https:\\\/\\\/www.facebook.com\\\/cobm.ma\"]}]}<\/script>\n<!-- \/ Yoast SEO plugin. -->","yoast_head_json":{"title":"Atendimento | AOCBMMA | Associa\u00e7\u00e3o dos Oficiais do Corpo de Bombeiros Militar do Maranh\u00e3o","robots":{"index":"index","follow":"follow","max-snippet":"max-snippet:-1","max-image-preview":"max-image-preview:large","max-video-preview":"max-video-preview:-1"},"canonical":"https:\/\/www.aocbmma.com.br\/index.php\/juridico\/atendimento\/","og_locale":"pt_BR","og_type":"article","og_title":"Atendimento | AOCBMMA | Associa\u00e7\u00e3o dos Oficiais do Corpo de Bombeiros Militar do Maranh\u00e3o","og_description":"DARKSON ALMEIDA &#8211; ADVOCACIA E CONSULTORIA Endere\u00e7o Avenida Jer\u00f4nimo de Albuquerque, sala 211, Cohafuma S\u00e3o Lu\u00eds \/ MA Telefone (98) 9960-2218 E-mail almeidamotaadv@gmail.com Site Hor\u00e1rio de atendimento 08:00 \u00e0s 16:00 Dia de atendimento Os atendimentos se dar\u00e3o somente \u00e0s quartas-feiras, mediante agendamento pr\u00e9vio. Salvo os casos urgentes.","og_url":"https:\/\/www.aocbmma.com.br\/index.php\/juridico\/atendimento\/","og_site_name":"AOCBMMA | Associa\u00e7\u00e3o dos Oficiais do Corpo de Bombeiros Militar do Maranh\u00e3o","article_publisher":"https:\/\/www.facebook.com\/cobm.ma","article_modified_time":"2022-02-03T21:50:52+00:00","twitter_card":"summary_large_image","schema":{"@context":"https:\/\/schema.org","@graph":[{"@type":"WebPage","@id":"https:\/\/www.aocbmma.com.br\/index.php\/juridico\/atendimento\/","url":"https:\/\/www.aocbmma.com.br\/index.php\/juridico\/atendimento\/","name":"Atendimento | AOCBMMA | Associa\u00e7\u00e3o dos Oficiais do Corpo de Bombeiros Militar do Maranh\u00e3o","isPartOf":{"@id":"https:\/\/www.aocbmma.com.br\/#website"},"datePublished":"2019-04-28T15:14:13+00:00","dateModified":"2022-02-03T21:50:52+00:00","breadcrumb":{"@id":"https:\/\/www.aocbmma.com.br\/index.php\/juridico\/atendimento\/#breadcrumb"},"inLanguage":"pt-BR","potentialAction":[{"@type":"ReadAction","target":["https:\/\/www.aocbmma.com.br\/index.php\/juridico\/atendimento\/"]}]},{"@type":"BreadcrumbList","@id":"https:\/\/www.aocbmma.com.br\/index.php\/juridico\/atendimento\/#breadcrumb","itemListElement":[{"@type":"ListItem","position":1,"name":"In\u00edcio","item":"https:\/\/www.aocbmma.com.br\/"},{"@type":"ListItem","position":2,"name":"Jur\u00eddico","item":"https:\/\/www.aocbmma.com.br\/index.php\/juridico\/"},{"@type":"ListItem","position":3,"name":"Atendimento"}]},{"@type":"WebSite","@id":"https:\/\/www.aocbmma.com.br\/#website","url":"https:\/\/www.aocbmma.com.br\/","name":"AOCBMMA","description":"","publisher":{"@id":"https:\/\/www.aocbmma.com.br\/#organization"},"potentialAction":[{"@type":"SearchAction","target":{"@type":"EntryPoint","urlTemplate":"https:\/\/www.aocbmma.com.br\/?s={search_term_string}"},"query-input":{"@type":"PropertyValueSpecification","valueRequired":true,"valueName":"search_term_string"}}],"inLanguage":"pt-BR"},{"@type":"Organization","@id":"https:\/\/www.aocbmma.com.br\/#organization","name":"Associa\u00e7\u00e3o dos Oficiais do Corpo de Bombeiros Militar do Maranh\u00e3o","url":"https:\/\/www.aocbmma.com.br\/","logo":{"@type":"ImageObject","inLanguage":"pt-BR","@id":"https:\/\/www.aocbmma.com.br\/#\/schema\/logo\/image\/","url":"https:\/\/www.aocbmma.com.br\/wp-content\/uploads\/2019\/05\/brasao-grande.png","contentUrl":"https:\/\/www.aocbmma.com.br\/wp-content\/uploads\/2019\/05\/brasao-grande.png","width":1154,"height":1155,"caption":"Associa\u00e7\u00e3o dos Oficiais do Corpo de Bombeiros Militar do Maranh\u00e3o"},"image":{"@id":"https:\/\/www.aocbmma.com.br\/#\/schema\/logo\/image\/"},"sameAs":["https:\/\/www.facebook.com\/cobm.ma"]}]}},"_links":{"self":[{"href":"https:\/\/www.aocbmma.com.br\/index.php\/wp-json\/wp\/v2\/pages\/114","targetHints":{"allow":["GET"]}}],"collection":[{"href":"https:\/\/www.aocbmma.com.br\/index.php\/wp-json\/wp\/v2\/pages"}],"about":[{"href":"https:\/\/www.aocbmma.com.br\/index.php\/wp-json\/wp\/v2\/types\/page"}],"author":[{"embeddable":true,"href":"https:\/\/www.aocbmma.com.br\/index.php\/wp-json\/wp\/v2\/users\/1"}],"replies":[{"embeddable":true,"href":"https:\/\/www.aocbmma.com.br\/index.php\/wp-json\/wp\/v2\/comments?post=114"}],"version-history":[{"count":11,"href":"https:\/\/www.aocbmma.com.br\/index.php\/wp-json\/wp\/v2\/pages\/114\/revisions"}],"predecessor-version":[{"id":682,"href":"https:\/\/www.aocbmma.com.br\/index.php\/wp-json\/wp\/v2\/pages\/114\/revisions\/682"}],"up":[{"embeddable":true,"href":"https:\/\/www.aocbmma.com.br\/index.php\/wp-json\/wp\/v2\/pages\/110"}],"wp:attachment":[{"href":"https:\/\/www.aocbmma.com.br\/index.php\/wp-json\/wp\/v2\/media?parent=114"}],"curies":[{"name":"wp","href":"https:\/\/api.w.org\/{rel}","templated":true}]}}