{"id":112,"date":"2019-04-28T12:14:00","date_gmt":"2019-04-28T15:14:00","guid":{"rendered":"http:\/\/127.0.0.1\/?page_id=112"},"modified":"2019-04-29T11:15:45","modified_gmt":"2019-04-29T14:15:45","slug":"atuacao","status":"publish","type":"page","link":"https:\/\/www.aocbmma.com.br\/index.php\/juridico\/atuacao\/","title":{"rendered":"Atua\u00e7\u00e3o"},"content":{"rendered":"<p style=\"text-align: justify;\">A assessoria jur\u00eddica, constitu\u00edda atrav\u00e9s de contrato de presta\u00e7\u00e3o de servi\u00e7os advocat\u00edcios com Assis Passos Advogados, exerce servi\u00e7os advocat\u00edcios cocernentes no ajuizamento de a\u00e7\u00f5es coletivas em prol dos associados, a\u00e7\u00f5es c\u00edveis de interesse da associa\u00e7\u00e3o como legitimado, consultoria jur\u00eddica para assuntos de interesse da associa\u00e7\u00e3o, defesa individual de associados em procedimentos administrativos e criminais e<strong>xclusivamente motivados em raz\u00e3o do exerc\u00edcio da profiss\u00e3o<\/strong>, bem como no <strong>exerc\u00edcio e ocupa\u00e7\u00e3o de cargo exclusivamente militar<\/strong>, al\u00e9m de consultoria informativa aos associados sobre as esferas comuns do direito nas quais atua o escrit\u00f3rio, n\u00e3o abrangendo propositura de a\u00e7\u00f5es judiciais.<\/p>\n<p>&nbsp;<\/p>\n<p><strong>ATENDIMENTO JUR\u00cdDICO 24 HORAS<\/strong><br \/>\nEm casos urgentes, o associado poder\u00e1 contar com o apoio da assessoria jur\u00eddica a qualquer momento ap\u00f3s o hor\u00e1rio de atendimento.<\/p>\n","protected":false},"excerpt":{"rendered":"<p>A assessoria jur\u00eddica, constitu\u00edda atrav\u00e9s de contrato de presta\u00e7\u00e3o de servi\u00e7os advocat\u00edcios com Assis Passos Advogados, exerce servi\u00e7os advocat\u00edcios cocernentes no ajuizamento de a\u00e7\u00f5es coletivas em prol dos associados, a\u00e7\u00f5es c\u00edveis de interesse da associa\u00e7\u00e3o como legitimado, consultoria jur\u00eddica para assuntos de interesse da associa\u00e7\u00e3o, defesa individual de associados em procedimentos administrativos e criminais exclusivamente [&hellip;]<\/p>\n","protected":false},"author":1,"featured_media":0,"parent":110,"menu_order":1,"comment_status":"closed","ping_status":"closed","template":"","meta":{"om_disable_all_campaigns":false,"_monsterinsights_skip_tracking":false,"_monsterinsights_sitenote_active":false,"_monsterinsights_sitenote_note":"","_monsterinsights_sitenote_category":0,"footnotes":""},"class_list":["post-112","page","type-page","status-publish","hentry"],"aioseo_notices":[],"yoast_head":"<!-- This site is optimized with the Yoast SEO plugin v27.4 - https:\/\/yoast.com\/product\/yoast-seo-wordpress\/ -->\n<title>Atua\u00e7\u00e3o | AOCBMMA | Associa\u00e7\u00e3o dos Oficiais do Corpo de Bombeiros Militar do Maranh\u00e3o<\/title>\n<meta name=\"robots\" content=\"index, follow, max-snippet:-1, max-image-preview:large, max-video-preview:-1\" \/>\n<link rel=\"canonical\" href=\"https:\/\/www.aocbmma.com.br\/index.php\/juridico\/atuacao\/\" \/>\n<meta property=\"og:locale\" content=\"pt_BR\" \/>\n<meta property=\"og:type\" content=\"article\" \/>\n<meta property=\"og:title\" content=\"Atua\u00e7\u00e3o | AOCBMMA | Associa\u00e7\u00e3o dos Oficiais do Corpo de Bombeiros Militar do Maranh\u00e3o\" \/>\n<meta property=\"og:description\" content=\"A assessoria jur\u00eddica, constitu\u00edda atrav\u00e9s de contrato de presta\u00e7\u00e3o de servi\u00e7os advocat\u00edcios com Assis Passos Advogados, exerce servi\u00e7os advocat\u00edcios cocernentes no ajuizamento de a\u00e7\u00f5es coletivas em prol dos associados, a\u00e7\u00f5es c\u00edveis de interesse da associa\u00e7\u00e3o como legitimado, consultoria jur\u00eddica para assuntos de interesse da associa\u00e7\u00e3o, defesa individual de associados em procedimentos administrativos e criminais exclusivamente [&hellip;]\" \/>\n<meta property=\"og:url\" content=\"https:\/\/www.aocbmma.com.br\/index.php\/juridico\/atuacao\/\" \/>\n<meta property=\"og:site_name\" content=\"AOCBMMA | Associa\u00e7\u00e3o dos Oficiais do Corpo de Bombeiros Militar do Maranh\u00e3o\" \/>\n<meta property=\"article:publisher\" content=\"https:\/\/www.facebook.com\/cobm.ma\" \/>\n<meta property=\"article:modified_time\" content=\"2019-04-29T14:15:45+00:00\" \/>\n<meta name=\"twitter:card\" content=\"summary_large_image\" \/>\n<meta name=\"twitter:label1\" content=\"Est. tempo de leitura\" \/>\n\t<meta name=\"twitter:data1\" content=\"1 minuto\" \/>\n<script type=\"application\/ld+json\" class=\"yoast-schema-graph\">{\"@context\":\"https:\\\/\\\/schema.org\",\"@graph\":[{\"@type\":\"WebPage\",\"@id\":\"https:\\\/\\\/www.aocbmma.com.br\\\/index.php\\\/juridico\\\/atuacao\\\/\",\"url\":\"https:\\\/\\\/www.aocbmma.com.br\\\/index.php\\\/juridico\\\/atuacao\\\/\",\"name\":\"Atua\u00e7\u00e3o | AOCBMMA | Associa\u00e7\u00e3o dos Oficiais do Corpo de Bombeiros Militar do Maranh\u00e3o\",\"isPartOf\":{\"@id\":\"https:\\\/\\\/www.aocbmma.com.br\\\/#website\"},\"datePublished\":\"2019-04-28T15:14:00+00:00\",\"dateModified\":\"2019-04-29T14:15:45+00:00\",\"breadcrumb\":{\"@id\":\"https:\\\/\\\/www.aocbmma.com.br\\\/index.php\\\/juridico\\\/atuacao\\\/#breadcrumb\"},\"inLanguage\":\"pt-BR\",\"potentialAction\":[{\"@type\":\"ReadAction\",\"target\":[\"https:\\\/\\\/www.aocbmma.com.br\\\/index.php\\\/juridico\\\/atuacao\\\/\"]}]},{\"@type\":\"BreadcrumbList\",\"@id\":\"https:\\\/\\\/www.aocbmma.com.br\\\/index.php\\\/juridico\\\/atuacao\\\/#breadcrumb\",\"itemListElement\":[{\"@type\":\"ListItem\",\"position\":1,\"name\":\"In\u00edcio\",\"item\":\"https:\\\/\\\/www.aocbmma.com.br\\\/\"},{\"@type\":\"ListItem\",\"position\":2,\"name\":\"Jur\u00eddico\",\"item\":\"https:\\\/\\\/www.aocbmma.com.br\\\/index.php\\\/juridico\\\/\"},{\"@type\":\"ListItem\",\"position\":3,\"name\":\"Atua\u00e7\u00e3o\"}]},{\"@type\":\"WebSite\",\"@id\":\"https:\\\/\\\/www.aocbmma.com.br\\\/#website\",\"url\":\"https:\\\/\\\/www.aocbmma.com.br\\\/\",\"name\":\"AOCBMMA\",\"description\":\"\",\"publisher\":{\"@id\":\"https:\\\/\\\/www.aocbmma.com.br\\\/#organization\"},\"potentialAction\":[{\"@type\":\"SearchAction\",\"target\":{\"@type\":\"EntryPoint\",\"urlTemplate\":\"https:\\\/\\\/www.aocbmma.com.br\\\/?s={search_term_string}\"},\"query-input\":{\"@type\":\"PropertyValueSpecification\",\"valueRequired\":true,\"valueName\":\"search_term_string\"}}],\"inLanguage\":\"pt-BR\"},{\"@type\":\"Organization\",\"@id\":\"https:\\\/\\\/www.aocbmma.com.br\\\/#organization\",\"name\":\"Associa\u00e7\u00e3o dos Oficiais do Corpo de Bombeiros Militar do Maranh\u00e3o\",\"url\":\"https:\\\/\\\/www.aocbmma.com.br\\\/\",\"logo\":{\"@type\":\"ImageObject\",\"inLanguage\":\"pt-BR\",\"@id\":\"https:\\\/\\\/www.aocbmma.com.br\\\/#\\\/schema\\\/logo\\\/image\\\/\",\"url\":\"https:\\\/\\\/www.aocbmma.com.br\\\/wp-content\\\/uploads\\\/2019\\\/05\\\/brasao-grande.png\",\"contentUrl\":\"https:\\\/\\\/www.aocbmma.com.br\\\/wp-content\\\/uploads\\\/2019\\\/05\\\/brasao-grande.png\",\"width\":1154,\"height\":1155,\"caption\":\"Associa\u00e7\u00e3o dos Oficiais do Corpo de Bombeiros Militar do Maranh\u00e3o\"},\"image\":{\"@id\":\"https:\\\/\\\/www.aocbmma.com.br\\\/#\\\/schema\\\/logo\\\/image\\\/\"},\"sameAs\":[\"https:\\\/\\\/www.facebook.com\\\/cobm.ma\"]}]}<\/script>\n<!-- \/ Yoast SEO plugin. -->","yoast_head_json":{"title":"Atua\u00e7\u00e3o | AOCBMMA | Associa\u00e7\u00e3o dos Oficiais do Corpo de Bombeiros Militar do Maranh\u00e3o","robots":{"index":"index","follow":"follow","max-snippet":"max-snippet:-1","max-image-preview":"max-image-preview:large","max-video-preview":"max-video-preview:-1"},"canonical":"https:\/\/www.aocbmma.com.br\/index.php\/juridico\/atuacao\/","og_locale":"pt_BR","og_type":"article","og_title":"Atua\u00e7\u00e3o | AOCBMMA | Associa\u00e7\u00e3o dos Oficiais do Corpo de Bombeiros Militar do Maranh\u00e3o","og_description":"A assessoria jur\u00eddica, constitu\u00edda atrav\u00e9s de contrato de presta\u00e7\u00e3o de servi\u00e7os advocat\u00edcios com Assis Passos Advogados, exerce servi\u00e7os advocat\u00edcios cocernentes no ajuizamento de a\u00e7\u00f5es coletivas em prol dos associados, a\u00e7\u00f5es c\u00edveis de interesse da associa\u00e7\u00e3o como legitimado, consultoria jur\u00eddica para assuntos de interesse da associa\u00e7\u00e3o, defesa individual de associados em procedimentos administrativos e criminais exclusivamente [&hellip;]","og_url":"https:\/\/www.aocbmma.com.br\/index.php\/juridico\/atuacao\/","og_site_name":"AOCBMMA | Associa\u00e7\u00e3o dos Oficiais do Corpo de Bombeiros Militar do Maranh\u00e3o","article_publisher":"https:\/\/www.facebook.com\/cobm.ma","article_modified_time":"2019-04-29T14:15:45+00:00","twitter_card":"summary_large_image","twitter_misc":{"Est. tempo de leitura":"1 minuto"},"schema":{"@context":"https:\/\/schema.org","@graph":[{"@type":"WebPage","@id":"https:\/\/www.aocbmma.com.br\/index.php\/juridico\/atuacao\/","url":"https:\/\/www.aocbmma.com.br\/index.php\/juridico\/atuacao\/","name":"Atua\u00e7\u00e3o | AOCBMMA | Associa\u00e7\u00e3o dos Oficiais do Corpo de Bombeiros Militar do Maranh\u00e3o","isPartOf":{"@id":"https:\/\/www.aocbmma.com.br\/#website"},"datePublished":"2019-04-28T15:14:00+00:00","dateModified":"2019-04-29T14:15:45+00:00","breadcrumb":{"@id":"https:\/\/www.aocbmma.com.br\/index.php\/juridico\/atuacao\/#breadcrumb"},"inLanguage":"pt-BR","potentialAction":[{"@type":"ReadAction","target":["https:\/\/www.aocbmma.com.br\/index.php\/juridico\/atuacao\/"]}]},{"@type":"BreadcrumbList","@id":"https:\/\/www.aocbmma.com.br\/index.php\/juridico\/atuacao\/#breadcrumb","itemListElement":[{"@type":"ListItem","position":1,"name":"In\u00edcio","item":"https:\/\/www.aocbmma.com.br\/"},{"@type":"ListItem","position":2,"name":"Jur\u00eddico","item":"https:\/\/www.aocbmma.com.br\/index.php\/juridico\/"},{"@type":"ListItem","position":3,"name":"Atua\u00e7\u00e3o"}]},{"@type":"WebSite","@id":"https:\/\/www.aocbmma.com.br\/#website","url":"https:\/\/www.aocbmma.com.br\/","name":"AOCBMMA","description":"","publisher":{"@id":"https:\/\/www.aocbmma.com.br\/#organization"},"potentialAction":[{"@type":"SearchAction","target":{"@type":"EntryPoint","urlTemplate":"https:\/\/www.aocbmma.com.br\/?s={search_term_string}"},"query-input":{"@type":"PropertyValueSpecification","valueRequired":true,"valueName":"search_term_string"}}],"inLanguage":"pt-BR"},{"@type":"Organization","@id":"https:\/\/www.aocbmma.com.br\/#organization","name":"Associa\u00e7\u00e3o dos Oficiais do Corpo de Bombeiros Militar do Maranh\u00e3o","url":"https:\/\/www.aocbmma.com.br\/","logo":{"@type":"ImageObject","inLanguage":"pt-BR","@id":"https:\/\/www.aocbmma.com.br\/#\/schema\/logo\/image\/","url":"https:\/\/www.aocbmma.com.br\/wp-content\/uploads\/2019\/05\/brasao-grande.png","contentUrl":"https:\/\/www.aocbmma.com.br\/wp-content\/uploads\/2019\/05\/brasao-grande.png","width":1154,"height":1155,"caption":"Associa\u00e7\u00e3o dos Oficiais do Corpo de Bombeiros Militar do Maranh\u00e3o"},"image":{"@id":"https:\/\/www.aocbmma.com.br\/#\/schema\/logo\/image\/"},"sameAs":["https:\/\/www.facebook.com\/cobm.ma"]}]}},"_links":{"self":[{"href":"https:\/\/www.aocbmma.com.br\/index.php\/wp-json\/wp\/v2\/pages\/112","targetHints":{"allow":["GET"]}}],"collection":[{"href":"https:\/\/www.aocbmma.com.br\/index.php\/wp-json\/wp\/v2\/pages"}],"about":[{"href":"https:\/\/www.aocbmma.com.br\/index.php\/wp-json\/wp\/v2\/types\/page"}],"author":[{"embeddable":true,"href":"https:\/\/www.aocbmma.com.br\/index.php\/wp-json\/wp\/v2\/users\/1"}],"replies":[{"embeddable":true,"href":"https:\/\/www.aocbmma.com.br\/index.php\/wp-json\/wp\/v2\/comments?post=112"}],"version-history":[{"count":8,"href":"https:\/\/www.aocbmma.com.br\/index.php\/wp-json\/wp\/v2\/pages\/112\/revisions"}],"predecessor-version":[{"id":217,"href":"https:\/\/www.aocbmma.com.br\/index.php\/wp-json\/wp\/v2\/pages\/112\/revisions\/217"}],"up":[{"embeddable":true,"href":"https:\/\/www.aocbmma.com.br\/index.php\/wp-json\/wp\/v2\/pages\/110"}],"wp:attachment":[{"href":"https:\/\/www.aocbmma.com.br\/index.php\/wp-json\/wp\/v2\/media?parent=112"}],"curies":[{"name":"wp","href":"https:\/\/api.w.org\/{rel}","templated":true}]}}