{"id":102,"date":"2019-04-28T12:12:14","date_gmt":"2019-04-28T15:12:14","guid":{"rendered":"http:\/\/127.0.0.1\/?page_id=102"},"modified":"2023-04-06T14:28:07","modified_gmt":"2023-04-06T17:28:07","slug":"historico","status":"publish","type":"page","link":"https:\/\/www.aocbmma.com.br\/index.php\/institucional\/historico\/","title":{"rendered":"Hist\u00f3rico"},"content":{"rendered":"<p class=\"text-justify\">Foi diante da necessidade de confraternizar, pugnar pelo interesse coletivo e estimular a pr\u00e1tica esportiva e a desenvolver o n\u00edvel cultural, que trinta e sete oficiais do Corpo de Bombeiros Militar do Maranh\u00e3o\u00a0com apoio do Coronel Pedro Paulo Pereira Oliveira, ent\u00e3o Comandante Geral da Corpora\u00e7\u00e3o, desencadearam os primeiros sinais da exist\u00eancia da\u00a0<strong>Associa\u00e7\u00e3o dos Oficiais do Corpo de Bombeiros Militar do Maranh\u00e3o<\/strong>\u00a0que remonta ao dia 12 de maio de 2001. O primeiro Diretor presidente a tomar posse foi o ent\u00e3o Tenente Coronel Bombeiro Militar Marcos Sousa Paiva tendo como seu Diretor vice-presidente o Capit\u00e3o Isaias Silva Ata\u00edde. Demais membros da primeira diretoria executiva foram a Capit\u00e3 Glaucia Ira\u00fana de Melo Freire \u2013 primeira secret\u00e1ria, o 1\u00ba Tenente Celso \u2013 segundo secret\u00e1rio, Capit\u00e3o St\u00e9lio Silva da Rocha \u2013 primeiro tesoureiro e 1\u00ba Tenente Delmiro Nascimento \u2013 como segundo tesoureiro. Todos para o bi\u00eanio 2001\/2003. Os demais membros dos conselhos fiscal e resolutivo foram indicados provisoriamente. Naquele mesmo ano de 2001 a diretoria executiva fez o registro do primeiro estatuto social da entidade no dia 21 de agosto. A Associa\u00e7\u00e3o dos Oficiais do Corpo de Bombeiros Militar do Maranh\u00e3o\u00a0passou a ser intitulada tamb\u00e9m pelo nome de <strong>C\u00cdRCULO 2 DE JULHO<\/strong>.<\/p>\n<p class=\"text-justify\">A Associa\u00e7\u00e3o dos Oficiais do Corpo de Bombeiros Militar do Maranh\u00e3o\u00a0 \u00e9 uma institui\u00e7\u00e3o sem fins lucrativos, apartid\u00e1ria, de car\u00e1ter civil, e com personalidade jur\u00eddica pr\u00f3pria. Tem como objetivo proporcionar a pr\u00e1tica e o desenvolvimento da cultura de modo geral, promover e organizar atividades sociais e representar perante as autoridades administrativas e judiciais os interesses individuais e coletivos de seus associados, contribuindo para o engrandecimento, modernidade e fortalecimento do <strong>Corpo de Bombeiros Militar do Maranh\u00e3o<\/strong> e consequentemente da <strong>Seguran\u00e7a P\u00fablica do Estado do Maranh\u00e3o<\/strong>. A partir de Julho de 2009, devido \u00e0 aquisi\u00e7\u00e3o de sua sede social na rua Urucutiua \u2013 Ara\u00e7agi, a Associa\u00e7\u00e3o dos Oficiais do Corpo de Bombeiros Militar do Maranh\u00e3o\u00a0 passa a possuir o nome fantasia de Clube dos Oficiais.<\/p>\n<p class=\"text-justify\">Ap\u00f3s o Tenente Coronel BM Marcos Sousa Paiva seguiram-se como diretores presidentes:<br \/>\n&#8211; Tenente Coronel Jone Nascimento Rodrigues para o Bi\u00eanio 2003-2005 e 2005-2007<br \/>\n&#8211; Major Abner Ferreira de Carvalho para o Bi\u00eanio 2007-2009 e 2009-2011<br \/>\n&#8211; Major Islandy Mat\u00f5es AMARAL para os Bi\u00eanios 2011-2013 e 2013-2015<br \/>\n&#8211; Capit\u00e3o Humberto pires de Santana Junior para o Bi\u00eanio 2015-2017<br \/>\n&#8211; Tenente Coronel Islandy Mat\u00f5es AMARAL para o Bi\u00eanio 2017-2019 e 2019-2021<\/p>\n<p>-Major Jos\u00e9 de Ribamar Mendes Lisboa para o Bi\u00eanio 2021-2023<\/p>\n<p>&nbsp;<\/p>\n<p class=\"text-justify\">Como reconhecimento institucional, em 26 de Setembro de 2011, pelo cart\u00f3rio Cantu\u00e1ria de Azevedo, foi conferida a Personalidade Jur\u00eddica para CIRCULO 2 DE JULHO. Em 15 de dezembro de 2011, pela Prefeitura de S\u00e3o Luis, foi a Associa\u00e7\u00e3o dos Oficiais do Corpo de Bombeiros Militar do Maranh\u00e3o considerada de utilidade p\u00fablica pela Lei n\u00ba 5.572. Em 09 de maio de 2012, pelo Governo do Estado do Maranh\u00e3o, foi a Associa\u00e7\u00e3o dos Oficiais do Corpo de Bombeiros Militar do Maranh\u00e3o considerada de utilidade p\u00fablica pela Lei n\u00ba 9.587. Em 17 de julho de 2012 houve a primeira altera\u00e7\u00e3o estatut\u00e1ria, assim como o registro do seu primeiro regimento interno. <strong>Hoje a Associa\u00e7\u00e3o dos Oficiais do Corpo de Bombeiros Militar do Maranh\u00e3o conta 260 s\u00f3cios.<\/strong><\/p>\n","protected":false},"excerpt":{"rendered":"<p>Foi diante da necessidade de confraternizar, pugnar pelo interesse coletivo e estimular a pr\u00e1tica esportiva e a desenvolver o n\u00edvel cultural, que trinta e sete oficiais do Corpo de Bombeiros Militar do Maranh\u00e3o\u00a0com apoio do Coronel Pedro Paulo Pereira Oliveira, ent\u00e3o Comandante Geral da Corpora\u00e7\u00e3o, desencadearam os primeiros sinais da exist\u00eancia da\u00a0Associa\u00e7\u00e3o dos Oficiais do [&hellip;]<\/p>\n","protected":false},"author":1,"featured_media":0,"parent":66,"menu_order":6,"comment_status":"closed","ping_status":"closed","template":"","meta":{"om_disable_all_campaigns":false,"_monsterinsights_skip_tracking":false,"_monsterinsights_sitenote_active":false,"_monsterinsights_sitenote_note":"","_monsterinsights_sitenote_category":0,"footnotes":""},"class_list":["post-102","page","type-page","status-publish","hentry"],"aioseo_notices":[],"yoast_head":"<!-- This site is optimized with the Yoast SEO plugin v27.5 - https:\/\/yoast.com\/product\/yoast-seo-wordpress\/ -->\n<title>Hist\u00f3rico | AOCBMMA | Associa\u00e7\u00e3o dos Oficiais do Corpo de Bombeiros Militar do Maranh\u00e3o<\/title>\n<meta name=\"robots\" content=\"index, follow, max-snippet:-1, max-image-preview:large, max-video-preview:-1\" \/>\n<link rel=\"canonical\" href=\"https:\/\/www.aocbmma.com.br\/index.php\/institucional\/historico\/\" \/>\n<meta property=\"og:locale\" content=\"pt_BR\" \/>\n<meta property=\"og:type\" content=\"article\" \/>\n<meta property=\"og:title\" content=\"Hist\u00f3rico | AOCBMMA | Associa\u00e7\u00e3o dos Oficiais do Corpo de Bombeiros Militar do Maranh\u00e3o\" \/>\n<meta property=\"og:description\" content=\"Foi diante da necessidade de confraternizar, pugnar pelo interesse coletivo e estimular a pr\u00e1tica esportiva e a desenvolver o n\u00edvel cultural, que trinta e sete oficiais do Corpo de Bombeiros Militar do Maranh\u00e3o\u00a0com apoio do Coronel Pedro Paulo Pereira Oliveira, ent\u00e3o Comandante Geral da Corpora\u00e7\u00e3o, desencadearam os primeiros sinais da exist\u00eancia da\u00a0Associa\u00e7\u00e3o dos Oficiais do [&hellip;]\" \/>\n<meta property=\"og:url\" content=\"https:\/\/www.aocbmma.com.br\/index.php\/institucional\/historico\/\" \/>\n<meta property=\"og:site_name\" content=\"AOCBMMA | Associa\u00e7\u00e3o dos Oficiais do Corpo de Bombeiros Militar do Maranh\u00e3o\" \/>\n<meta property=\"article:publisher\" content=\"https:\/\/www.facebook.com\/cobm.ma\" \/>\n<meta property=\"article:modified_time\" content=\"2023-04-06T17:28:07+00:00\" \/>\n<meta name=\"twitter:card\" content=\"summary_large_image\" \/>\n<meta name=\"twitter:label1\" content=\"Est. tempo de leitura\" \/>\n\t<meta name=\"twitter:data1\" content=\"3 minutos\" \/>\n<script type=\"application\/ld+json\" class=\"yoast-schema-graph\">{\"@context\":\"https:\\\/\\\/schema.org\",\"@graph\":[{\"@type\":\"WebPage\",\"@id\":\"https:\\\/\\\/www.aocbmma.com.br\\\/index.php\\\/institucional\\\/historico\\\/\",\"url\":\"https:\\\/\\\/www.aocbmma.com.br\\\/index.php\\\/institucional\\\/historico\\\/\",\"name\":\"Hist\u00f3rico | AOCBMMA | Associa\u00e7\u00e3o dos Oficiais do Corpo de Bombeiros Militar do Maranh\u00e3o\",\"isPartOf\":{\"@id\":\"https:\\\/\\\/www.aocbmma.com.br\\\/#website\"},\"datePublished\":\"2019-04-28T15:12:14+00:00\",\"dateModified\":\"2023-04-06T17:28:07+00:00\",\"breadcrumb\":{\"@id\":\"https:\\\/\\\/www.aocbmma.com.br\\\/index.php\\\/institucional\\\/historico\\\/#breadcrumb\"},\"inLanguage\":\"pt-BR\",\"potentialAction\":[{\"@type\":\"ReadAction\",\"target\":[\"https:\\\/\\\/www.aocbmma.com.br\\\/index.php\\\/institucional\\\/historico\\\/\"]}]},{\"@type\":\"BreadcrumbList\",\"@id\":\"https:\\\/\\\/www.aocbmma.com.br\\\/index.php\\\/institucional\\\/historico\\\/#breadcrumb\",\"itemListElement\":[{\"@type\":\"ListItem\",\"position\":1,\"name\":\"In\u00edcio\",\"item\":\"https:\\\/\\\/www.aocbmma.com.br\\\/\"},{\"@type\":\"ListItem\",\"position\":2,\"name\":\"Institucional\",\"item\":\"https:\\\/\\\/www.aocbmma.com.br\\\/index.php\\\/institucional\\\/\"},{\"@type\":\"ListItem\",\"position\":3,\"name\":\"Hist\u00f3rico\"}]},{\"@type\":\"WebSite\",\"@id\":\"https:\\\/\\\/www.aocbmma.com.br\\\/#website\",\"url\":\"https:\\\/\\\/www.aocbmma.com.br\\\/\",\"name\":\"AOCBMMA\",\"description\":\"\",\"publisher\":{\"@id\":\"https:\\\/\\\/www.aocbmma.com.br\\\/#organization\"},\"potentialAction\":[{\"@type\":\"SearchAction\",\"target\":{\"@type\":\"EntryPoint\",\"urlTemplate\":\"https:\\\/\\\/www.aocbmma.com.br\\\/?s={search_term_string}\"},\"query-input\":{\"@type\":\"PropertyValueSpecification\",\"valueRequired\":true,\"valueName\":\"search_term_string\"}}],\"inLanguage\":\"pt-BR\"},{\"@type\":\"Organization\",\"@id\":\"https:\\\/\\\/www.aocbmma.com.br\\\/#organization\",\"name\":\"Associa\u00e7\u00e3o dos Oficiais do Corpo de Bombeiros Militar do Maranh\u00e3o\",\"url\":\"https:\\\/\\\/www.aocbmma.com.br\\\/\",\"logo\":{\"@type\":\"ImageObject\",\"inLanguage\":\"pt-BR\",\"@id\":\"https:\\\/\\\/www.aocbmma.com.br\\\/#\\\/schema\\\/logo\\\/image\\\/\",\"url\":\"https:\\\/\\\/www.aocbmma.com.br\\\/wp-content\\\/uploads\\\/2019\\\/05\\\/brasao-grande.png\",\"contentUrl\":\"https:\\\/\\\/www.aocbmma.com.br\\\/wp-content\\\/uploads\\\/2019\\\/05\\\/brasao-grande.png\",\"width\":1154,\"height\":1155,\"caption\":\"Associa\u00e7\u00e3o dos Oficiais do Corpo de Bombeiros Militar do Maranh\u00e3o\"},\"image\":{\"@id\":\"https:\\\/\\\/www.aocbmma.com.br\\\/#\\\/schema\\\/logo\\\/image\\\/\"},\"sameAs\":[\"https:\\\/\\\/www.facebook.com\\\/cobm.ma\"]}]}<\/script>\n<!-- \/ Yoast SEO plugin. -->","yoast_head_json":{"title":"Hist\u00f3rico | AOCBMMA | Associa\u00e7\u00e3o dos Oficiais do Corpo de Bombeiros Militar do Maranh\u00e3o","robots":{"index":"index","follow":"follow","max-snippet":"max-snippet:-1","max-image-preview":"max-image-preview:large","max-video-preview":"max-video-preview:-1"},"canonical":"https:\/\/www.aocbmma.com.br\/index.php\/institucional\/historico\/","og_locale":"pt_BR","og_type":"article","og_title":"Hist\u00f3rico | AOCBMMA | Associa\u00e7\u00e3o dos Oficiais do Corpo de Bombeiros Militar do Maranh\u00e3o","og_description":"Foi diante da necessidade de confraternizar, pugnar pelo interesse coletivo e estimular a pr\u00e1tica esportiva e a desenvolver o n\u00edvel cultural, que trinta e sete oficiais do Corpo de Bombeiros Militar do Maranh\u00e3o\u00a0com apoio do Coronel Pedro Paulo Pereira Oliveira, ent\u00e3o Comandante Geral da Corpora\u00e7\u00e3o, desencadearam os primeiros sinais da exist\u00eancia da\u00a0Associa\u00e7\u00e3o dos Oficiais do [&hellip;]","og_url":"https:\/\/www.aocbmma.com.br\/index.php\/institucional\/historico\/","og_site_name":"AOCBMMA | Associa\u00e7\u00e3o dos Oficiais do Corpo de Bombeiros Militar do Maranh\u00e3o","article_publisher":"https:\/\/www.facebook.com\/cobm.ma","article_modified_time":"2023-04-06T17:28:07+00:00","twitter_card":"summary_large_image","twitter_misc":{"Est. tempo de leitura":"3 minutos"},"schema":{"@context":"https:\/\/schema.org","@graph":[{"@type":"WebPage","@id":"https:\/\/www.aocbmma.com.br\/index.php\/institucional\/historico\/","url":"https:\/\/www.aocbmma.com.br\/index.php\/institucional\/historico\/","name":"Hist\u00f3rico | AOCBMMA | Associa\u00e7\u00e3o dos Oficiais do Corpo de Bombeiros Militar do Maranh\u00e3o","isPartOf":{"@id":"https:\/\/www.aocbmma.com.br\/#website"},"datePublished":"2019-04-28T15:12:14+00:00","dateModified":"2023-04-06T17:28:07+00:00","breadcrumb":{"@id":"https:\/\/www.aocbmma.com.br\/index.php\/institucional\/historico\/#breadcrumb"},"inLanguage":"pt-BR","potentialAction":[{"@type":"ReadAction","target":["https:\/\/www.aocbmma.com.br\/index.php\/institucional\/historico\/"]}]},{"@type":"BreadcrumbList","@id":"https:\/\/www.aocbmma.com.br\/index.php\/institucional\/historico\/#breadcrumb","itemListElement":[{"@type":"ListItem","position":1,"name":"In\u00edcio","item":"https:\/\/www.aocbmma.com.br\/"},{"@type":"ListItem","position":2,"name":"Institucional","item":"https:\/\/www.aocbmma.com.br\/index.php\/institucional\/"},{"@type":"ListItem","position":3,"name":"Hist\u00f3rico"}]},{"@type":"WebSite","@id":"https:\/\/www.aocbmma.com.br\/#website","url":"https:\/\/www.aocbmma.com.br\/","name":"AOCBMMA","description":"","publisher":{"@id":"https:\/\/www.aocbmma.com.br\/#organization"},"potentialAction":[{"@type":"SearchAction","target":{"@type":"EntryPoint","urlTemplate":"https:\/\/www.aocbmma.com.br\/?s={search_term_string}"},"query-input":{"@type":"PropertyValueSpecification","valueRequired":true,"valueName":"search_term_string"}}],"inLanguage":"pt-BR"},{"@type":"Organization","@id":"https:\/\/www.aocbmma.com.br\/#organization","name":"Associa\u00e7\u00e3o dos Oficiais do Corpo de Bombeiros Militar do Maranh\u00e3o","url":"https:\/\/www.aocbmma.com.br\/","logo":{"@type":"ImageObject","inLanguage":"pt-BR","@id":"https:\/\/www.aocbmma.com.br\/#\/schema\/logo\/image\/","url":"https:\/\/www.aocbmma.com.br\/wp-content\/uploads\/2019\/05\/brasao-grande.png","contentUrl":"https:\/\/www.aocbmma.com.br\/wp-content\/uploads\/2019\/05\/brasao-grande.png","width":1154,"height":1155,"caption":"Associa\u00e7\u00e3o dos Oficiais do Corpo de Bombeiros Militar do Maranh\u00e3o"},"image":{"@id":"https:\/\/www.aocbmma.com.br\/#\/schema\/logo\/image\/"},"sameAs":["https:\/\/www.facebook.com\/cobm.ma"]}]}},"_links":{"self":[{"href":"https:\/\/www.aocbmma.com.br\/index.php\/wp-json\/wp\/v2\/pages\/102","targetHints":{"allow":["GET"]}}],"collection":[{"href":"https:\/\/www.aocbmma.com.br\/index.php\/wp-json\/wp\/v2\/pages"}],"about":[{"href":"https:\/\/www.aocbmma.com.br\/index.php\/wp-json\/wp\/v2\/types\/page"}],"author":[{"embeddable":true,"href":"https:\/\/www.aocbmma.com.br\/index.php\/wp-json\/wp\/v2\/users\/1"}],"replies":[{"embeddable":true,"href":"https:\/\/www.aocbmma.com.br\/index.php\/wp-json\/wp\/v2\/comments?post=102"}],"version-history":[{"count":6,"href":"https:\/\/www.aocbmma.com.br\/index.php\/wp-json\/wp\/v2\/pages\/102\/revisions"}],"predecessor-version":[{"id":772,"href":"https:\/\/www.aocbmma.com.br\/index.php\/wp-json\/wp\/v2\/pages\/102\/revisions\/772"}],"up":[{"embeddable":true,"href":"https:\/\/www.aocbmma.com.br\/index.php\/wp-json\/wp\/v2\/pages\/66"}],"wp:attachment":[{"href":"https:\/\/www.aocbmma.com.br\/index.php\/wp-json\/wp\/v2\/media?parent=102"}],"curies":[{"name":"wp","href":"https:\/\/api.w.org\/{rel}","templated":true}]}}